{"id":76,"date":"2025-05-24T04:08:37","date_gmt":"2025-05-24T04:08:37","guid":{"rendered":"https:\/\/mangahobbies.click\/?product=leather-clad-leisure-chair"},"modified":"2025-06-26T03:56:45","modified_gmt":"2025-06-26T03:56:45","slug":"leather-clad-leisure-chair","status":"publish","type":"product","link":"https:\/\/mangahobbies.click\/?product=leather-clad-leisure-chair","title":{"rendered":"Ch\u00fa thu\u1eadt h\u1ed3i chi\u1ebfn &#8211; T\u1eadp 2"},"content":{"rendered":"<p>M\u00f4 t\u1ea3: Ch\u00fa thai b\u1ea5t ng\u1edd xu\u1ea5t hi\u1ec7n t\u1ea1i tr\u1ea1i c\u1ea3i t\u1ea1o thanh thi\u1ebfu ni\u00ean. Nh\u00f3m Itadori, h\u1ecdc sinh n\u0103m Nh\u1ea5t tr\u01b0\u1eddng chuy\u00ean ch\u00fa thu\u1eadt, \u0111\u01b0\u1ee3c c\u1eed \u0111i c\u1ee9u nh\u1eefng ng\u01b0\u1eddi \u0111ang m\u1eafc k\u1eb9t b\u00ean trong. Nh\u01b0ng ch\u00fa thai sau khi h\u00f3a th\u00e0nh ch\u00fa linh \u0111\u00e3 t\u1ea5n c\u00f4ng c\u1ea3 nh\u00f3m. Tr\u01b0\u1edbc t\u00ecnh th\u1ebf hi\u1ec3m ngh\u00e8o, Itadori \u0111\u00e3 trao quy\u1ec1n ki\u1ec3m so\u00e1t c\u01a1 th\u1ec3 cho Sukuna v\u1edbi hi v\u1ecdng s\u1ebd h\u1ea1 g\u1ee5c ch\u00fa linh, song&#8230;!?<\/p>\n","protected":false},"excerpt":{"rendered":"<p>M\u1ed9t ch\u00fa thai nguy hi\u1ec3m xu\u1ea5t hi\u1ec7n t\u1ea1i tr\u1ea1i c\u1ea3i t\u1ea1o, bu\u1ed9c nh\u00f3m Itadori ph\u1ea3i l\u00ean \u0111\u01b0\u1eddng l\u00e0m nhi\u1ec7m v\u1ee5. Khi ch\u00fa thai h\u00f3a th\u00e0nh ch\u00fa linh v\u00e0 t\u1ea5n c\u00f4ng, Itadori bu\u1ed9c ph\u1ea3i trao quy\u1ec1n ki\u1ec3m so\u00e1t cho Sukuna \u2013 nh\u01b0ng m\u1ecdi chuy\u1ec7n kh\u00f4ng di\u1ec5n ra nh\u01b0 c\u1eadu mong \u0111\u1ee3i\u2026!<\/p>\n","protected":false},"featured_media":99,"comment_status":"open","ping_status":"closed","template":"","meta":[],"product_brand":[],"product_cat":[18],"product_tag":[],"class_list":{"0":"post-76","1":"product","2":"type-product","3":"status-publish","4":"has-post-thumbnail","6":"product_cat-chua-phan-loai","8":"first","9":"instock","10":"sale","11":"shipping-taxable","12":"purchasable","13":"product-type-simple"},"ams_default_variation_id":0,"ams_product_points_reward":[],"ams_product_discount_percentage":20,"ams_price_to_display":24000,"ams_acf":[],"yoast_head":"<!-- This site is optimized with the Yoast SEO plugin v25.6 - https:\/\/yoast.com\/wordpress\/plugins\/seo\/ -->\n<title>Ch\u00fa thu\u1eadt h\u1ed3i chi\u1ebfn - T\u1eadp 2 - Manga Hobbies<\/title>\n<meta name=\"robots\" content=\"index, follow, max-snippet:-1, max-image-preview:large, max-video-preview:-1\" \/>\n<link rel=\"canonical\" href=\"https:\/\/mangahobbies.click\/?product=leather-clad-leisure-chair\" \/>\n<meta property=\"og:locale\" content=\"vi_VN\" \/>\n<meta property=\"og:type\" content=\"article\" \/>\n<meta property=\"og:title\" content=\"Ch\u00fa thu\u1eadt h\u1ed3i chi\u1ebfn - T\u1eadp 2 - Manga Hobbies\" \/>\n<meta property=\"og:description\" content=\"M\u1ed9t ch\u00fa thai nguy hi\u1ec3m xu\u1ea5t hi\u1ec7n t\u1ea1i tr\u1ea1i c\u1ea3i t\u1ea1o, bu\u1ed9c nh\u00f3m Itadori ph\u1ea3i l\u00ean \u0111\u01b0\u1eddng l\u00e0m nhi\u1ec7m v\u1ee5. Khi ch\u00fa thai h\u00f3a th\u00e0nh ch\u00fa linh v\u00e0 t\u1ea5n c\u00f4ng, Itadori bu\u1ed9c ph\u1ea3i trao quy\u1ec1n ki\u1ec3m so\u00e1t cho Sukuna \u2013 nh\u01b0ng m\u1ecdi chuy\u1ec7n kh\u00f4ng di\u1ec5n ra nh\u01b0 c\u1eadu mong \u0111\u1ee3i\u2026!\" \/>\n<meta property=\"og:url\" content=\"https:\/\/mangahobbies.click\/?product=leather-clad-leisure-chair\" \/>\n<meta property=\"og:site_name\" content=\"Manga Hobbies\" \/>\n<meta property=\"article:modified_time\" content=\"2025-06-26T03:56:45+00:00\" \/>\n<meta property=\"og:image\" content=\"https:\/\/mangahobbies.click\/wp-content\/uploads\/2025\/05\/z6633836665212_28a1c5ce4de3d8d566424765364b6ba7.jpg\" \/>\n\t<meta property=\"og:image:width\" content=\"768\" \/>\n\t<meta property=\"og:image:height\" content=\"1166\" \/>\n\t<meta property=\"og:image:type\" content=\"image\/jpeg\" \/>\n<meta name=\"twitter:card\" content=\"summary_large_image\" \/>\n<meta name=\"twitter:label1\" content=\"\u01af\u1edbc t\u00ednh th\u1eddi gian \u0111\u1ecdc\" \/>\n\t<meta name=\"twitter:data1\" content=\"1 ph\u00fat\" \/>\n<script type=\"application\/ld+json\" class=\"yoast-schema-graph\">{\"@context\":\"https:\/\/schema.org\",\"@graph\":[{\"@type\":\"WebPage\",\"@id\":\"https:\/\/mangahobbies.click\/?product=leather-clad-leisure-chair\",\"url\":\"https:\/\/mangahobbies.click\/?product=leather-clad-leisure-chair\",\"name\":\"Ch\u00fa thu\u1eadt h\u1ed3i chi\u1ebfn - T\u1eadp 2 - Manga Hobbies\",\"isPartOf\":{\"@id\":\"https:\/\/mangahobbies.click\/#website\"},\"primaryImageOfPage\":{\"@id\":\"https:\/\/mangahobbies.click\/?product=leather-clad-leisure-chair#primaryimage\"},\"image\":{\"@id\":\"https:\/\/mangahobbies.click\/?product=leather-clad-leisure-chair#primaryimage\"},\"thumbnailUrl\":\"https:\/\/mangahobbies.click\/wp-content\/uploads\/2025\/05\/z6633836665212_28a1c5ce4de3d8d566424765364b6ba7.jpg\",\"datePublished\":\"2025-05-24T04:08:37+00:00\",\"dateModified\":\"2025-06-26T03:56:45+00:00\",\"breadcrumb\":{\"@id\":\"https:\/\/mangahobbies.click\/?product=leather-clad-leisure-chair#breadcrumb\"},\"inLanguage\":\"vi\",\"potentialAction\":[{\"@type\":\"ReadAction\",\"target\":[\"https:\/\/mangahobbies.click\/?product=leather-clad-leisure-chair\"]}]},{\"@type\":\"ImageObject\",\"inLanguage\":\"vi\",\"@id\":\"https:\/\/mangahobbies.click\/?product=leather-clad-leisure-chair#primaryimage\",\"url\":\"https:\/\/mangahobbies.click\/wp-content\/uploads\/2025\/05\/z6633836665212_28a1c5ce4de3d8d566424765364b6ba7.jpg\",\"contentUrl\":\"https:\/\/mangahobbies.click\/wp-content\/uploads\/2025\/05\/z6633836665212_28a1c5ce4de3d8d566424765364b6ba7.jpg\",\"width\":768,\"height\":1166},{\"@type\":\"BreadcrumbList\",\"@id\":\"https:\/\/mangahobbies.click\/?product=leather-clad-leisure-chair#breadcrumb\",\"itemListElement\":[{\"@type\":\"ListItem\",\"position\":1,\"name\":\"Trang ch\u1ee7\",\"item\":\"https:\/\/mangahobbies.click\/\"},{\"@type\":\"ListItem\",\"position\":2,\"name\":\"C\u1eeda h\u00e0ng\",\"item\":\"https:\/\/mangahobbies.click\/?page_id=19\"},{\"@type\":\"ListItem\",\"position\":3,\"name\":\"Ch\u00fa thu\u1eadt h\u1ed3i chi\u1ebfn &#8211; T\u1eadp 2\"}]},{\"@type\":\"WebSite\",\"@id\":\"https:\/\/mangahobbies.click\/#website\",\"url\":\"https:\/\/mangahobbies.click\/\",\"name\":\"Manga Hobbies\",\"description\":\"\",\"publisher\":{\"@id\":\"https:\/\/mangahobbies.click\/#organization\"},\"potentialAction\":[{\"@type\":\"SearchAction\",\"target\":{\"@type\":\"EntryPoint\",\"urlTemplate\":\"https:\/\/mangahobbies.click\/?s={search_term_string}\"},\"query-input\":{\"@type\":\"PropertyValueSpecification\",\"valueRequired\":true,\"valueName\":\"search_term_string\"}}],\"inLanguage\":\"vi\"},{\"@type\":\"Organization\",\"@id\":\"https:\/\/mangahobbies.click\/#organization\",\"name\":\"Manga Hobbies\",\"url\":\"https:\/\/mangahobbies.click\/\",\"logo\":{\"@type\":\"ImageObject\",\"inLanguage\":\"vi\",\"@id\":\"https:\/\/mangahobbies.click\/#\/schema\/logo\/image\/\",\"url\":\"https:\/\/mangahobbies.click\/wp-content\/uploads\/2025\/05\/Beige-Red-Minimalist-Pastry-Bakery-Logo-6.png\",\"contentUrl\":\"https:\/\/mangahobbies.click\/wp-content\/uploads\/2025\/05\/Beige-Red-Minimalist-Pastry-Bakery-Logo-6.png\",\"width\":500,\"height\":500,\"caption\":\"Manga Hobbies\"},\"image\":{\"@id\":\"https:\/\/mangahobbies.click\/#\/schema\/logo\/image\/\"}}]}<\/script>\n<!-- \/ Yoast SEO plugin. -->","yoast_head_json":{"title":"Ch\u00fa thu\u1eadt h\u1ed3i chi\u1ebfn - T\u1eadp 2 - Manga Hobbies","robots":{"index":"index","follow":"follow","max-snippet":"max-snippet:-1","max-image-preview":"max-image-preview:large","max-video-preview":"max-video-preview:-1"},"canonical":"https:\/\/mangahobbies.click\/?product=leather-clad-leisure-chair","og_locale":"vi_VN","og_type":"article","og_title":"Ch\u00fa thu\u1eadt h\u1ed3i chi\u1ebfn - T\u1eadp 2 - Manga Hobbies","og_description":"M\u1ed9t ch\u00fa thai nguy hi\u1ec3m xu\u1ea5t hi\u1ec7n t\u1ea1i tr\u1ea1i c\u1ea3i t\u1ea1o, bu\u1ed9c nh\u00f3m Itadori ph\u1ea3i l\u00ean \u0111\u01b0\u1eddng l\u00e0m nhi\u1ec7m v\u1ee5. Khi ch\u00fa thai h\u00f3a th\u00e0nh ch\u00fa linh v\u00e0 t\u1ea5n c\u00f4ng, Itadori bu\u1ed9c ph\u1ea3i trao quy\u1ec1n ki\u1ec3m so\u00e1t cho Sukuna \u2013 nh\u01b0ng m\u1ecdi chuy\u1ec7n kh\u00f4ng di\u1ec5n ra nh\u01b0 c\u1eadu mong \u0111\u1ee3i\u2026!","og_url":"https:\/\/mangahobbies.click\/?product=leather-clad-leisure-chair","og_site_name":"Manga Hobbies","article_modified_time":"2025-06-26T03:56:45+00:00","og_image":[{"width":768,"height":1166,"url":"https:\/\/mangahobbies.click\/wp-content\/uploads\/2025\/05\/z6633836665212_28a1c5ce4de3d8d566424765364b6ba7.jpg","type":"image\/jpeg"}],"twitter_card":"summary_large_image","twitter_misc":{"\u01af\u1edbc t\u00ednh th\u1eddi gian \u0111\u1ecdc":"1 ph\u00fat"},"schema":{"@context":"https:\/\/schema.org","@graph":[{"@type":"WebPage","@id":"https:\/\/mangahobbies.click\/?product=leather-clad-leisure-chair","url":"https:\/\/mangahobbies.click\/?product=leather-clad-leisure-chair","name":"Ch\u00fa thu\u1eadt h\u1ed3i chi\u1ebfn - T\u1eadp 2 - Manga Hobbies","isPartOf":{"@id":"https:\/\/mangahobbies.click\/#website"},"primaryImageOfPage":{"@id":"https:\/\/mangahobbies.click\/?product=leather-clad-leisure-chair#primaryimage"},"image":{"@id":"https:\/\/mangahobbies.click\/?product=leather-clad-leisure-chair#primaryimage"},"thumbnailUrl":"https:\/\/mangahobbies.click\/wp-content\/uploads\/2025\/05\/z6633836665212_28a1c5ce4de3d8d566424765364b6ba7.jpg","datePublished":"2025-05-24T04:08:37+00:00","dateModified":"2025-06-26T03:56:45+00:00","breadcrumb":{"@id":"https:\/\/mangahobbies.click\/?product=leather-clad-leisure-chair#breadcrumb"},"inLanguage":"vi","potentialAction":[{"@type":"ReadAction","target":["https:\/\/mangahobbies.click\/?product=leather-clad-leisure-chair"]}]},{"@type":"ImageObject","inLanguage":"vi","@id":"https:\/\/mangahobbies.click\/?product=leather-clad-leisure-chair#primaryimage","url":"https:\/\/mangahobbies.click\/wp-content\/uploads\/2025\/05\/z6633836665212_28a1c5ce4de3d8d566424765364b6ba7.jpg","contentUrl":"https:\/\/mangahobbies.click\/wp-content\/uploads\/2025\/05\/z6633836665212_28a1c5ce4de3d8d566424765364b6ba7.jpg","width":768,"height":1166},{"@type":"BreadcrumbList","@id":"https:\/\/mangahobbies.click\/?product=leather-clad-leisure-chair#breadcrumb","itemListElement":[{"@type":"ListItem","position":1,"name":"Trang ch\u1ee7","item":"https:\/\/mangahobbies.click\/"},{"@type":"ListItem","position":2,"name":"C\u1eeda h\u00e0ng","item":"https:\/\/mangahobbies.click\/?page_id=19"},{"@type":"ListItem","position":3,"name":"Ch\u00fa thu\u1eadt h\u1ed3i chi\u1ebfn &#8211; T\u1eadp 2"}]},{"@type":"WebSite","@id":"https:\/\/mangahobbies.click\/#website","url":"https:\/\/mangahobbies.click\/","name":"Manga Hobbies","description":"","publisher":{"@id":"https:\/\/mangahobbies.click\/#organization"},"potentialAction":[{"@type":"SearchAction","target":{"@type":"EntryPoint","urlTemplate":"https:\/\/mangahobbies.click\/?s={search_term_string}"},"query-input":{"@type":"PropertyValueSpecification","valueRequired":true,"valueName":"search_term_string"}}],"inLanguage":"vi"},{"@type":"Organization","@id":"https:\/\/mangahobbies.click\/#organization","name":"Manga Hobbies","url":"https:\/\/mangahobbies.click\/","logo":{"@type":"ImageObject","inLanguage":"vi","@id":"https:\/\/mangahobbies.click\/#\/schema\/logo\/image\/","url":"https:\/\/mangahobbies.click\/wp-content\/uploads\/2025\/05\/Beige-Red-Minimalist-Pastry-Bakery-Logo-6.png","contentUrl":"https:\/\/mangahobbies.click\/wp-content\/uploads\/2025\/05\/Beige-Red-Minimalist-Pastry-Bakery-Logo-6.png","width":500,"height":500,"caption":"Manga Hobbies"},"image":{"@id":"https:\/\/mangahobbies.click\/#\/schema\/logo\/image\/"}}]}},"jetpack_sharing_enabled":true,"_links":{"self":[{"href":"https:\/\/mangahobbies.click\/index.php?rest_route=\/wp\/v2\/product\/76","targetHints":{"allow":["GET"]}}],"collection":[{"href":"https:\/\/mangahobbies.click\/index.php?rest_route=\/wp\/v2\/product"}],"about":[{"href":"https:\/\/mangahobbies.click\/index.php?rest_route=\/wp\/v2\/types\/product"}],"replies":[{"embeddable":true,"href":"https:\/\/mangahobbies.click\/index.php?rest_route=%2Fwp%2Fv2%2Fcomments&post=76"}],"wp:featuredmedia":[{"embeddable":true,"href":"https:\/\/mangahobbies.click\/index.php?rest_route=\/wp\/v2\/media\/99"}],"wp:attachment":[{"href":"https:\/\/mangahobbies.click\/index.php?rest_route=%2Fwp%2Fv2%2Fmedia&parent=76"}],"wp:term":[{"taxonomy":"product_brand","embeddable":true,"href":"https:\/\/mangahobbies.click\/index.php?rest_route=%2Fwp%2Fv2%2Fproduct_brand&post=76"},{"taxonomy":"product_cat","embeddable":true,"href":"https:\/\/mangahobbies.click\/index.php?rest_route=%2Fwp%2Fv2%2Fproduct_cat&post=76"},{"taxonomy":"product_tag","embeddable":true,"href":"https:\/\/mangahobbies.click\/index.php?rest_route=%2Fwp%2Fv2%2Fproduct_tag&post=76"}],"curies":[{"name":"wp","href":"https:\/\/api.w.org\/{rel}","templated":true}]}}