{"id":75,"date":"2025-05-24T04:08:36","date_gmt":"2025-05-24T04:08:36","guid":{"rendered":"https:\/\/mangahobbies.click\/?product=black-and-white"},"modified":"2025-06-26T03:58:55","modified_gmt":"2025-06-26T03:58:55","slug":"black-and-white","status":"publish","type":"product","link":"https:\/\/mangahobbies.click\/?product=black-and-white","title":{"rendered":"Thanh G\u01b0\u01a1m Di\u1ec7t Qu\u1ef7 &#8211; T\u1eadp 2"},"content":{"rendered":"<p>M\u00f4 t\u1ea3: Cu\u1ed1i c\u00f9ng c\u1eadu c\u00f3 v\u01b0\u1ee3t qua cu\u1ed9c tuy\u1ec3n ch\u1ecdn kh\u00f4ng!? V\u00e0 khi c\u1eadu tr\u1edf v\u1ec1 v\u1edbi Urokodaki, Nezuko \u0111\u00e3 t\u1ec9nh d\u1eady!! Tanjiro c\u00f9ng em g\u00e1i h\u01b0\u1edbng \u0111\u1ebfn m\u1ed9t con ph\u1ed1, n\u01a1i \u0111ang x\u1ea3y ra h\u00e0ng lo\u1ea1t nh\u1eefng v\u1ee5 \u00e1n c\u00e1c c\u00f4 g\u00e1i b\u1ecb m\u1ea5t t\u00edch m\u1ed7i \u0111\u00eam&#8230;!<\/p>\n","protected":false},"excerpt":{"rendered":"<article class=\"text-token-text-primary w-full\" dir=\"auto\" data-testid=\"conversation-turn-16\" data-scroll-anchor=\"true\">\n<div class=\"text-base my-auto mx-auto py-5 [--thread-content-margin:--spacing(4)] @[37rem]:[--thread-content-margin:--spacing(6)] @[72rem]:[--thread-content-margin:--spacing(16)] px-(--thread-content-margin)\">\n<div class=\"[--thread-content-max-width:32rem] @[34rem]:[--thread-content-max-width:40rem] @[64rem]:[--thread-content-max-width:48rem] mx-auto flex max-w-(--thread-content-max-width) flex-1 text-base gap-4 md:gap-5 lg:gap-6 group\/turn-messages focus-visible:outline-hidden\" tabindex=\"-1\">\n<div class=\"group\/conversation-turn relative flex w-full min-w-0 flex-col agent-turn\">\n<div class=\"relative flex-col gap-1 md:gap-3\">\n<div class=\"flex max-w-full flex-col grow\">\n<div class=\"min-h-8 text-message relative flex w-full flex-col items-end gap-2 text-start break-words whitespace-normal [.text-message+&amp;]:mt-5\" dir=\"auto\" data-message-author-role=\"assistant\" data-message-id=\"1786e8f7-91c6-4b19-a1ef-2fbc16f589ed\" data-message-model-slug=\"gpt-4o\">\n<div class=\"flex w-full flex-col gap-1 empty:hidden first:pt-[3px]\">\n<div class=\"markdown prose dark:prose-invert w-full break-words light\">\n<p data-start=\"0\" data-end=\"220\" data-is-last-node=\"\" data-is-only-node=\"\"><em data-start=\"24\" data-end=\"220\" data-is-last-node=\"\">Sau k\u1ef3 tuy\u1ec3n ch\u1ecdn kh\u1ed1c li\u1ec7t, Tanjiro tr\u1edf v\u1ec1 v\u00e0 th\u1ea5y Nezuko \u0111\u00e3 t\u1ec9nh l\u1ea1i. C\u1ea3 hai c\u00f9ng b\u01b0\u1edbc v\u00e0o nhi\u1ec7m v\u1ee5 \u0111\u1ea7u ti\u00ean: \u0111i\u1ec1u tra nh\u1eefng v\u1ee5 m\u1ea5t t\u00edch b\u00ed \u1ea9n c\u1ee7a c\u00e1c c\u00f4 g\u00e1i trong \u0111\u00eam t\u1ea1i m\u1ed9t con ph\u1ed1 k\u1ef3 l\u1ea1&#8230;<\/em><\/p>\n<\/div>\n<\/div>\n<\/div>\n<\/div>\n<\/div>\n<\/div>\n<\/div>\n<\/div>\n<\/article>\n","protected":false},"featured_media":92,"comment_status":"open","ping_status":"closed","template":"","meta":[],"product_brand":[],"product_cat":[18],"product_tag":[],"class_list":{"0":"post-75","1":"product","2":"type-product","3":"status-publish","4":"has-post-thumbnail","6":"product_cat-chua-phan-loai","8":"first","9":"instock","10":"sale","11":"taxable","12":"shipping-taxable","13":"purchasable","14":"product-type-simple"},"ams_default_variation_id":0,"ams_product_points_reward":[],"ams_product_discount_percentage":18.18,"ams_price_to_display":18000,"ams_acf":[],"yoast_head":"<!-- This site is optimized with the Yoast SEO plugin v25.6 - https:\/\/yoast.com\/wordpress\/plugins\/seo\/ -->\n<title>Thanh G\u01b0\u01a1m Di\u1ec7t Qu\u1ef7 - T\u1eadp 2 - Manga Hobbies<\/title>\n<meta name=\"robots\" content=\"index, follow, max-snippet:-1, max-image-preview:large, max-video-preview:-1\" \/>\n<link rel=\"canonical\" href=\"https:\/\/mangahobbies.click\/?product=black-and-white\" \/>\n<meta property=\"og:locale\" content=\"vi_VN\" \/>\n<meta property=\"og:type\" content=\"article\" \/>\n<meta property=\"og:title\" content=\"Thanh G\u01b0\u01a1m Di\u1ec7t Qu\u1ef7 - T\u1eadp 2 - Manga Hobbies\" \/>\n<meta property=\"og:description\" content=\"Sau k\u1ef3 tuy\u1ec3n ch\u1ecdn kh\u1ed1c li\u1ec7t, Tanjiro tr\u1edf v\u1ec1 v\u00e0 th\u1ea5y Nezuko \u0111\u00e3 t\u1ec9nh l\u1ea1i. C\u1ea3 hai c\u00f9ng b\u01b0\u1edbc v\u00e0o nhi\u1ec7m v\u1ee5 \u0111\u1ea7u ti\u00ean: \u0111i\u1ec1u tra nh\u1eefng v\u1ee5 m\u1ea5t t\u00edch b\u00ed \u1ea9n c\u1ee7a c\u00e1c c\u00f4 g\u00e1i trong \u0111\u00eam t\u1ea1i m\u1ed9t con ph\u1ed1 k\u1ef3 l\u1ea1...\" \/>\n<meta property=\"og:url\" content=\"https:\/\/mangahobbies.click\/?product=black-and-white\" \/>\n<meta property=\"og:site_name\" content=\"Manga Hobbies\" \/>\n<meta property=\"article:modified_time\" content=\"2025-06-26T03:58:55+00:00\" \/>\n<meta property=\"og:image\" content=\"https:\/\/mangahobbies.click\/wp-content\/uploads\/2025\/05\/z6633815457754_ac4eb797d4692eb53a231e286f0976d2.jpg\" \/>\n\t<meta property=\"og:image:width\" content=\"768\" \/>\n\t<meta property=\"og:image:height\" content=\"1166\" \/>\n\t<meta property=\"og:image:type\" content=\"image\/jpeg\" \/>\n<meta name=\"twitter:card\" content=\"summary_large_image\" \/>\n<script type=\"application\/ld+json\" class=\"yoast-schema-graph\">{\"@context\":\"https:\/\/schema.org\",\"@graph\":[{\"@type\":\"WebPage\",\"@id\":\"https:\/\/mangahobbies.click\/?product=black-and-white\",\"url\":\"https:\/\/mangahobbies.click\/?product=black-and-white\",\"name\":\"Thanh G\u01b0\u01a1m Di\u1ec7t Qu\u1ef7 - T\u1eadp 2 - Manga Hobbies\",\"isPartOf\":{\"@id\":\"https:\/\/mangahobbies.click\/#website\"},\"primaryImageOfPage\":{\"@id\":\"https:\/\/mangahobbies.click\/?product=black-and-white#primaryimage\"},\"image\":{\"@id\":\"https:\/\/mangahobbies.click\/?product=black-and-white#primaryimage\"},\"thumbnailUrl\":\"https:\/\/mangahobbies.click\/wp-content\/uploads\/2025\/05\/z6633815457754_ac4eb797d4692eb53a231e286f0976d2.jpg\",\"datePublished\":\"2025-05-24T04:08:36+00:00\",\"dateModified\":\"2025-06-26T03:58:55+00:00\",\"breadcrumb\":{\"@id\":\"https:\/\/mangahobbies.click\/?product=black-and-white#breadcrumb\"},\"inLanguage\":\"vi\",\"potentialAction\":[{\"@type\":\"ReadAction\",\"target\":[\"https:\/\/mangahobbies.click\/?product=black-and-white\"]}]},{\"@type\":\"ImageObject\",\"inLanguage\":\"vi\",\"@id\":\"https:\/\/mangahobbies.click\/?product=black-and-white#primaryimage\",\"url\":\"https:\/\/mangahobbies.click\/wp-content\/uploads\/2025\/05\/z6633815457754_ac4eb797d4692eb53a231e286f0976d2.jpg\",\"contentUrl\":\"https:\/\/mangahobbies.click\/wp-content\/uploads\/2025\/05\/z6633815457754_ac4eb797d4692eb53a231e286f0976d2.jpg\",\"width\":768,\"height\":1166},{\"@type\":\"BreadcrumbList\",\"@id\":\"https:\/\/mangahobbies.click\/?product=black-and-white#breadcrumb\",\"itemListElement\":[{\"@type\":\"ListItem\",\"position\":1,\"name\":\"Trang ch\u1ee7\",\"item\":\"https:\/\/mangahobbies.click\/\"},{\"@type\":\"ListItem\",\"position\":2,\"name\":\"C\u1eeda h\u00e0ng\",\"item\":\"https:\/\/mangahobbies.click\/?page_id=19\"},{\"@type\":\"ListItem\",\"position\":3,\"name\":\"Thanh G\u01b0\u01a1m Di\u1ec7t Qu\u1ef7 &#8211; T\u1eadp 2\"}]},{\"@type\":\"WebSite\",\"@id\":\"https:\/\/mangahobbies.click\/#website\",\"url\":\"https:\/\/mangahobbies.click\/\",\"name\":\"Manga Hobbies\",\"description\":\"\",\"publisher\":{\"@id\":\"https:\/\/mangahobbies.click\/#organization\"},\"potentialAction\":[{\"@type\":\"SearchAction\",\"target\":{\"@type\":\"EntryPoint\",\"urlTemplate\":\"https:\/\/mangahobbies.click\/?s={search_term_string}\"},\"query-input\":{\"@type\":\"PropertyValueSpecification\",\"valueRequired\":true,\"valueName\":\"search_term_string\"}}],\"inLanguage\":\"vi\"},{\"@type\":\"Organization\",\"@id\":\"https:\/\/mangahobbies.click\/#organization\",\"name\":\"Manga Hobbies\",\"url\":\"https:\/\/mangahobbies.click\/\",\"logo\":{\"@type\":\"ImageObject\",\"inLanguage\":\"vi\",\"@id\":\"https:\/\/mangahobbies.click\/#\/schema\/logo\/image\/\",\"url\":\"https:\/\/mangahobbies.click\/wp-content\/uploads\/2025\/05\/Beige-Red-Minimalist-Pastry-Bakery-Logo-6.png\",\"contentUrl\":\"https:\/\/mangahobbies.click\/wp-content\/uploads\/2025\/05\/Beige-Red-Minimalist-Pastry-Bakery-Logo-6.png\",\"width\":500,\"height\":500,\"caption\":\"Manga Hobbies\"},\"image\":{\"@id\":\"https:\/\/mangahobbies.click\/#\/schema\/logo\/image\/\"}}]}<\/script>\n<!-- \/ Yoast SEO plugin. -->","yoast_head_json":{"title":"Thanh G\u01b0\u01a1m Di\u1ec7t Qu\u1ef7 - T\u1eadp 2 - Manga Hobbies","robots":{"index":"index","follow":"follow","max-snippet":"max-snippet:-1","max-image-preview":"max-image-preview:large","max-video-preview":"max-video-preview:-1"},"canonical":"https:\/\/mangahobbies.click\/?product=black-and-white","og_locale":"vi_VN","og_type":"article","og_title":"Thanh G\u01b0\u01a1m Di\u1ec7t Qu\u1ef7 - T\u1eadp 2 - Manga Hobbies","og_description":"Sau k\u1ef3 tuy\u1ec3n ch\u1ecdn kh\u1ed1c li\u1ec7t, Tanjiro tr\u1edf v\u1ec1 v\u00e0 th\u1ea5y Nezuko \u0111\u00e3 t\u1ec9nh l\u1ea1i. C\u1ea3 hai c\u00f9ng b\u01b0\u1edbc v\u00e0o nhi\u1ec7m v\u1ee5 \u0111\u1ea7u ti\u00ean: \u0111i\u1ec1u tra nh\u1eefng v\u1ee5 m\u1ea5t t\u00edch b\u00ed \u1ea9n c\u1ee7a c\u00e1c c\u00f4 g\u00e1i trong \u0111\u00eam t\u1ea1i m\u1ed9t con ph\u1ed1 k\u1ef3 l\u1ea1...","og_url":"https:\/\/mangahobbies.click\/?product=black-and-white","og_site_name":"Manga Hobbies","article_modified_time":"2025-06-26T03:58:55+00:00","og_image":[{"width":768,"height":1166,"url":"https:\/\/mangahobbies.click\/wp-content\/uploads\/2025\/05\/z6633815457754_ac4eb797d4692eb53a231e286f0976d2.jpg","type":"image\/jpeg"}],"twitter_card":"summary_large_image","schema":{"@context":"https:\/\/schema.org","@graph":[{"@type":"WebPage","@id":"https:\/\/mangahobbies.click\/?product=black-and-white","url":"https:\/\/mangahobbies.click\/?product=black-and-white","name":"Thanh G\u01b0\u01a1m Di\u1ec7t Qu\u1ef7 - T\u1eadp 2 - Manga Hobbies","isPartOf":{"@id":"https:\/\/mangahobbies.click\/#website"},"primaryImageOfPage":{"@id":"https:\/\/mangahobbies.click\/?product=black-and-white#primaryimage"},"image":{"@id":"https:\/\/mangahobbies.click\/?product=black-and-white#primaryimage"},"thumbnailUrl":"https:\/\/mangahobbies.click\/wp-content\/uploads\/2025\/05\/z6633815457754_ac4eb797d4692eb53a231e286f0976d2.jpg","datePublished":"2025-05-24T04:08:36+00:00","dateModified":"2025-06-26T03:58:55+00:00","breadcrumb":{"@id":"https:\/\/mangahobbies.click\/?product=black-and-white#breadcrumb"},"inLanguage":"vi","potentialAction":[{"@type":"ReadAction","target":["https:\/\/mangahobbies.click\/?product=black-and-white"]}]},{"@type":"ImageObject","inLanguage":"vi","@id":"https:\/\/mangahobbies.click\/?product=black-and-white#primaryimage","url":"https:\/\/mangahobbies.click\/wp-content\/uploads\/2025\/05\/z6633815457754_ac4eb797d4692eb53a231e286f0976d2.jpg","contentUrl":"https:\/\/mangahobbies.click\/wp-content\/uploads\/2025\/05\/z6633815457754_ac4eb797d4692eb53a231e286f0976d2.jpg","width":768,"height":1166},{"@type":"BreadcrumbList","@id":"https:\/\/mangahobbies.click\/?product=black-and-white#breadcrumb","itemListElement":[{"@type":"ListItem","position":1,"name":"Trang ch\u1ee7","item":"https:\/\/mangahobbies.click\/"},{"@type":"ListItem","position":2,"name":"C\u1eeda h\u00e0ng","item":"https:\/\/mangahobbies.click\/?page_id=19"},{"@type":"ListItem","position":3,"name":"Thanh G\u01b0\u01a1m Di\u1ec7t Qu\u1ef7 &#8211; T\u1eadp 2"}]},{"@type":"WebSite","@id":"https:\/\/mangahobbies.click\/#website","url":"https:\/\/mangahobbies.click\/","name":"Manga Hobbies","description":"","publisher":{"@id":"https:\/\/mangahobbies.click\/#organization"},"potentialAction":[{"@type":"SearchAction","target":{"@type":"EntryPoint","urlTemplate":"https:\/\/mangahobbies.click\/?s={search_term_string}"},"query-input":{"@type":"PropertyValueSpecification","valueRequired":true,"valueName":"search_term_string"}}],"inLanguage":"vi"},{"@type":"Organization","@id":"https:\/\/mangahobbies.click\/#organization","name":"Manga Hobbies","url":"https:\/\/mangahobbies.click\/","logo":{"@type":"ImageObject","inLanguage":"vi","@id":"https:\/\/mangahobbies.click\/#\/schema\/logo\/image\/","url":"https:\/\/mangahobbies.click\/wp-content\/uploads\/2025\/05\/Beige-Red-Minimalist-Pastry-Bakery-Logo-6.png","contentUrl":"https:\/\/mangahobbies.click\/wp-content\/uploads\/2025\/05\/Beige-Red-Minimalist-Pastry-Bakery-Logo-6.png","width":500,"height":500,"caption":"Manga Hobbies"},"image":{"@id":"https:\/\/mangahobbies.click\/#\/schema\/logo\/image\/"}}]}},"jetpack_sharing_enabled":true,"_links":{"self":[{"href":"https:\/\/mangahobbies.click\/index.php?rest_route=\/wp\/v2\/product\/75","targetHints":{"allow":["GET"]}}],"collection":[{"href":"https:\/\/mangahobbies.click\/index.php?rest_route=\/wp\/v2\/product"}],"about":[{"href":"https:\/\/mangahobbies.click\/index.php?rest_route=\/wp\/v2\/types\/product"}],"replies":[{"embeddable":true,"href":"https:\/\/mangahobbies.click\/index.php?rest_route=%2Fwp%2Fv2%2Fcomments&post=75"}],"wp:featuredmedia":[{"embeddable":true,"href":"https:\/\/mangahobbies.click\/index.php?rest_route=\/wp\/v2\/media\/92"}],"wp:attachment":[{"href":"https:\/\/mangahobbies.click\/index.php?rest_route=%2Fwp%2Fv2%2Fmedia&parent=75"}],"wp:term":[{"taxonomy":"product_brand","embeddable":true,"href":"https:\/\/mangahobbies.click\/index.php?rest_route=%2Fwp%2Fv2%2Fproduct_brand&post=75"},{"taxonomy":"product_cat","embeddable":true,"href":"https:\/\/mangahobbies.click\/index.php?rest_route=%2Fwp%2Fv2%2Fproduct_cat&post=75"},{"taxonomy":"product_tag","embeddable":true,"href":"https:\/\/mangahobbies.click\/index.php?rest_route=%2Fwp%2Fv2%2Fproduct_tag&post=75"}],"curies":[{"name":"wp","href":"https:\/\/api.w.org\/{rel}","templated":true}]}}