{"id":72,"date":"2025-05-24T04:08:36","date_gmt":"2025-05-24T04:08:36","guid":{"rendered":"https:\/\/mangahobbies.click\/?product=retro-glass-jug-330-ml"},"modified":"2025-06-26T03:59:36","modified_gmt":"2025-06-26T03:59:36","slug":"retro-glass-jug-330-ml","status":"publish","type":"product","link":"https:\/\/mangahobbies.click\/?product=retro-glass-jug-330-ml","title":{"rendered":"Thanh G\u01b0\u01a1m Di\u1ec7t Qu\u1ef7 &#8211; T\u1eadp 4"},"content":{"rendered":"<p>M\u00f4 t\u1ea3: Sau khi tho\u00e1t kh\u1ecfi dinh th\u1ef1 c\u1ee7a m\u1ed9t con qu\u1ef7 d\u00f9ng tr\u1ed1ng, Tanjiro b\u1eaft g\u1eb7p Agatsuma Zenitsu b\u1ecb c\u1eadu thi\u1ebfu ni\u00ean \u0111eo m\u1eb7t n\u1ea1 l\u1ee3n r\u1eebng truy \u0111u\u1ed5i. Tanjiro \u0111\u00e3 ng\u0103n c\u1ea3n c\u1eadu ta, nh\u01b0ng&#8230;!? V\u00e0 sau m\u1ed9t th\u1eddi gian ngh\u1ec9 ng\u01a1i, nh\u00f3m Tanjiro l\u1ea1i g\u1ea5p r\u00fat \u0111\u1ebfn m\u1ed9t ng\u1ecdn n\u00fai k\u00ec l\u1ea1 theo m\u1ec7nh l\u1ec7nh c\u1ee7a \u0111\u1ed9i Di\u1ec7t qu\u1ef7!! Th\u1ee9 \u0111ang \u1ea9n n\u1ea5p t\u1ea1i \u0111\u00f3 l\u00e0&#8230;!<\/p>\n","protected":false},"excerpt":{"rendered":"<p>Tho\u00e1t kh\u1ecfi dinh th\u1ef1 qu\u1ef7 tr\u1ed1ng, Tanjiro g\u1eb7p Zenitsu \u0111ang b\u1ecb m\u1ed9t thi\u1ebfu ni\u00ean \u0111eo m\u1eb7t n\u1ea1 l\u1ee3n r\u1eebng truy \u0111u\u1ed5i. Sau cu\u1ed9c ch\u1ea1m tr\u00e1n b\u1ea5t ng\u1edd, nh\u00f3m Tanjiro ti\u1ebfp t\u1ee5c nh\u1eadn nhi\u1ec7m v\u1ee5 \u0111\u1ebfn m\u1ed9t ng\u1ecdn n\u00fai k\u1ef3 l\u1ea1 \u2013 n\u01a1i \u0111ang che gi\u1ea5u m\u1ed9t m\u1ed1i hi\u1ec3m h\u1ecda r\u00f9ng r\u1ee3n\u2026!<\/p>\n","protected":false},"featured_media":97,"comment_status":"open","ping_status":"closed","template":"","meta":[],"product_brand":[],"product_cat":[18],"product_tag":[],"class_list":{"0":"post-72","1":"product","2":"type-product","3":"status-publish","4":"has-post-thumbnail","6":"product_cat-chua-phan-loai","8":"first","9":"instock","10":"sale","11":"shipping-taxable","12":"purchasable","13":"product-type-simple"},"ams_default_variation_id":0,"ams_product_points_reward":[],"ams_product_discount_percentage":18.18,"ams_price_to_display":18000,"ams_acf":[],"yoast_head":"<!-- This site is optimized with the Yoast SEO plugin v25.6 - https:\/\/yoast.com\/wordpress\/plugins\/seo\/ -->\n<title>Thanh G\u01b0\u01a1m Di\u1ec7t Qu\u1ef7 - T\u1eadp 4 - Manga Hobbies<\/title>\n<meta name=\"robots\" content=\"index, follow, max-snippet:-1, max-image-preview:large, max-video-preview:-1\" \/>\n<link rel=\"canonical\" href=\"https:\/\/mangahobbies.click\/?product=retro-glass-jug-330-ml\" \/>\n<meta property=\"og:locale\" content=\"vi_VN\" \/>\n<meta property=\"og:type\" content=\"article\" \/>\n<meta property=\"og:title\" content=\"Thanh G\u01b0\u01a1m Di\u1ec7t Qu\u1ef7 - T\u1eadp 4 - Manga Hobbies\" \/>\n<meta property=\"og:description\" content=\"Tho\u00e1t kh\u1ecfi dinh th\u1ef1 qu\u1ef7 tr\u1ed1ng, Tanjiro g\u1eb7p Zenitsu \u0111ang b\u1ecb m\u1ed9t thi\u1ebfu ni\u00ean \u0111eo m\u1eb7t n\u1ea1 l\u1ee3n r\u1eebng truy \u0111u\u1ed5i. Sau cu\u1ed9c ch\u1ea1m tr\u00e1n b\u1ea5t ng\u1edd, nh\u00f3m Tanjiro ti\u1ebfp t\u1ee5c nh\u1eadn nhi\u1ec7m v\u1ee5 \u0111\u1ebfn m\u1ed9t ng\u1ecdn n\u00fai k\u1ef3 l\u1ea1 \u2013 n\u01a1i \u0111ang che gi\u1ea5u m\u1ed9t m\u1ed1i hi\u1ec3m h\u1ecda r\u00f9ng r\u1ee3n\u2026!\" \/>\n<meta property=\"og:url\" content=\"https:\/\/mangahobbies.click\/?product=retro-glass-jug-330-ml\" \/>\n<meta property=\"og:site_name\" content=\"Manga Hobbies\" \/>\n<meta property=\"article:modified_time\" content=\"2025-06-26T03:59:36+00:00\" \/>\n<meta property=\"og:image\" content=\"https:\/\/mangahobbies.click\/wp-content\/uploads\/2025\/05\/z6633822813162_3da9e480e8890ae7194ea7c9d40ce50d.jpg\" \/>\n\t<meta property=\"og:image:width\" content=\"768\" \/>\n\t<meta property=\"og:image:height\" content=\"1166\" \/>\n\t<meta property=\"og:image:type\" content=\"image\/jpeg\" \/>\n<meta name=\"twitter:card\" content=\"summary_large_image\" \/>\n<meta name=\"twitter:label1\" content=\"\u01af\u1edbc t\u00ednh th\u1eddi gian \u0111\u1ecdc\" \/>\n\t<meta name=\"twitter:data1\" content=\"1 ph\u00fat\" \/>\n<script type=\"application\/ld+json\" class=\"yoast-schema-graph\">{\"@context\":\"https:\/\/schema.org\",\"@graph\":[{\"@type\":\"WebPage\",\"@id\":\"https:\/\/mangahobbies.click\/?product=retro-glass-jug-330-ml\",\"url\":\"https:\/\/mangahobbies.click\/?product=retro-glass-jug-330-ml\",\"name\":\"Thanh G\u01b0\u01a1m Di\u1ec7t Qu\u1ef7 - T\u1eadp 4 - Manga Hobbies\",\"isPartOf\":{\"@id\":\"https:\/\/mangahobbies.click\/#website\"},\"primaryImageOfPage\":{\"@id\":\"https:\/\/mangahobbies.click\/?product=retro-glass-jug-330-ml#primaryimage\"},\"image\":{\"@id\":\"https:\/\/mangahobbies.click\/?product=retro-glass-jug-330-ml#primaryimage\"},\"thumbnailUrl\":\"https:\/\/mangahobbies.click\/wp-content\/uploads\/2025\/05\/z6633822813162_3da9e480e8890ae7194ea7c9d40ce50d.jpg\",\"datePublished\":\"2025-05-24T04:08:36+00:00\",\"dateModified\":\"2025-06-26T03:59:36+00:00\",\"breadcrumb\":{\"@id\":\"https:\/\/mangahobbies.click\/?product=retro-glass-jug-330-ml#breadcrumb\"},\"inLanguage\":\"vi\",\"potentialAction\":[{\"@type\":\"ReadAction\",\"target\":[\"https:\/\/mangahobbies.click\/?product=retro-glass-jug-330-ml\"]}]},{\"@type\":\"ImageObject\",\"inLanguage\":\"vi\",\"@id\":\"https:\/\/mangahobbies.click\/?product=retro-glass-jug-330-ml#primaryimage\",\"url\":\"https:\/\/mangahobbies.click\/wp-content\/uploads\/2025\/05\/z6633822813162_3da9e480e8890ae7194ea7c9d40ce50d.jpg\",\"contentUrl\":\"https:\/\/mangahobbies.click\/wp-content\/uploads\/2025\/05\/z6633822813162_3da9e480e8890ae7194ea7c9d40ce50d.jpg\",\"width\":768,\"height\":1166},{\"@type\":\"BreadcrumbList\",\"@id\":\"https:\/\/mangahobbies.click\/?product=retro-glass-jug-330-ml#breadcrumb\",\"itemListElement\":[{\"@type\":\"ListItem\",\"position\":1,\"name\":\"Trang ch\u1ee7\",\"item\":\"https:\/\/mangahobbies.click\/\"},{\"@type\":\"ListItem\",\"position\":2,\"name\":\"C\u1eeda h\u00e0ng\",\"item\":\"https:\/\/mangahobbies.click\/?page_id=19\"},{\"@type\":\"ListItem\",\"position\":3,\"name\":\"Thanh G\u01b0\u01a1m Di\u1ec7t Qu\u1ef7 &#8211; T\u1eadp 4\"}]},{\"@type\":\"WebSite\",\"@id\":\"https:\/\/mangahobbies.click\/#website\",\"url\":\"https:\/\/mangahobbies.click\/\",\"name\":\"Manga Hobbies\",\"description\":\"\",\"publisher\":{\"@id\":\"https:\/\/mangahobbies.click\/#organization\"},\"potentialAction\":[{\"@type\":\"SearchAction\",\"target\":{\"@type\":\"EntryPoint\",\"urlTemplate\":\"https:\/\/mangahobbies.click\/?s={search_term_string}\"},\"query-input\":{\"@type\":\"PropertyValueSpecification\",\"valueRequired\":true,\"valueName\":\"search_term_string\"}}],\"inLanguage\":\"vi\"},{\"@type\":\"Organization\",\"@id\":\"https:\/\/mangahobbies.click\/#organization\",\"name\":\"Manga Hobbies\",\"url\":\"https:\/\/mangahobbies.click\/\",\"logo\":{\"@type\":\"ImageObject\",\"inLanguage\":\"vi\",\"@id\":\"https:\/\/mangahobbies.click\/#\/schema\/logo\/image\/\",\"url\":\"https:\/\/mangahobbies.click\/wp-content\/uploads\/2025\/05\/Beige-Red-Minimalist-Pastry-Bakery-Logo-6.png\",\"contentUrl\":\"https:\/\/mangahobbies.click\/wp-content\/uploads\/2025\/05\/Beige-Red-Minimalist-Pastry-Bakery-Logo-6.png\",\"width\":500,\"height\":500,\"caption\":\"Manga Hobbies\"},\"image\":{\"@id\":\"https:\/\/mangahobbies.click\/#\/schema\/logo\/image\/\"}}]}<\/script>\n<!-- \/ Yoast SEO plugin. -->","yoast_head_json":{"title":"Thanh G\u01b0\u01a1m Di\u1ec7t Qu\u1ef7 - T\u1eadp 4 - Manga Hobbies","robots":{"index":"index","follow":"follow","max-snippet":"max-snippet:-1","max-image-preview":"max-image-preview:large","max-video-preview":"max-video-preview:-1"},"canonical":"https:\/\/mangahobbies.click\/?product=retro-glass-jug-330-ml","og_locale":"vi_VN","og_type":"article","og_title":"Thanh G\u01b0\u01a1m Di\u1ec7t Qu\u1ef7 - T\u1eadp 4 - Manga Hobbies","og_description":"Tho\u00e1t kh\u1ecfi dinh th\u1ef1 qu\u1ef7 tr\u1ed1ng, Tanjiro g\u1eb7p Zenitsu \u0111ang b\u1ecb m\u1ed9t thi\u1ebfu ni\u00ean \u0111eo m\u1eb7t n\u1ea1 l\u1ee3n r\u1eebng truy \u0111u\u1ed5i. Sau cu\u1ed9c ch\u1ea1m tr\u00e1n b\u1ea5t ng\u1edd, nh\u00f3m Tanjiro ti\u1ebfp t\u1ee5c nh\u1eadn nhi\u1ec7m v\u1ee5 \u0111\u1ebfn m\u1ed9t ng\u1ecdn n\u00fai k\u1ef3 l\u1ea1 \u2013 n\u01a1i \u0111ang che gi\u1ea5u m\u1ed9t m\u1ed1i hi\u1ec3m h\u1ecda r\u00f9ng r\u1ee3n\u2026!","og_url":"https:\/\/mangahobbies.click\/?product=retro-glass-jug-330-ml","og_site_name":"Manga Hobbies","article_modified_time":"2025-06-26T03:59:36+00:00","og_image":[{"width":768,"height":1166,"url":"https:\/\/mangahobbies.click\/wp-content\/uploads\/2025\/05\/z6633822813162_3da9e480e8890ae7194ea7c9d40ce50d.jpg","type":"image\/jpeg"}],"twitter_card":"summary_large_image","twitter_misc":{"\u01af\u1edbc t\u00ednh th\u1eddi gian \u0111\u1ecdc":"1 ph\u00fat"},"schema":{"@context":"https:\/\/schema.org","@graph":[{"@type":"WebPage","@id":"https:\/\/mangahobbies.click\/?product=retro-glass-jug-330-ml","url":"https:\/\/mangahobbies.click\/?product=retro-glass-jug-330-ml","name":"Thanh G\u01b0\u01a1m Di\u1ec7t Qu\u1ef7 - T\u1eadp 4 - Manga Hobbies","isPartOf":{"@id":"https:\/\/mangahobbies.click\/#website"},"primaryImageOfPage":{"@id":"https:\/\/mangahobbies.click\/?product=retro-glass-jug-330-ml#primaryimage"},"image":{"@id":"https:\/\/mangahobbies.click\/?product=retro-glass-jug-330-ml#primaryimage"},"thumbnailUrl":"https:\/\/mangahobbies.click\/wp-content\/uploads\/2025\/05\/z6633822813162_3da9e480e8890ae7194ea7c9d40ce50d.jpg","datePublished":"2025-05-24T04:08:36+00:00","dateModified":"2025-06-26T03:59:36+00:00","breadcrumb":{"@id":"https:\/\/mangahobbies.click\/?product=retro-glass-jug-330-ml#breadcrumb"},"inLanguage":"vi","potentialAction":[{"@type":"ReadAction","target":["https:\/\/mangahobbies.click\/?product=retro-glass-jug-330-ml"]}]},{"@type":"ImageObject","inLanguage":"vi","@id":"https:\/\/mangahobbies.click\/?product=retro-glass-jug-330-ml#primaryimage","url":"https:\/\/mangahobbies.click\/wp-content\/uploads\/2025\/05\/z6633822813162_3da9e480e8890ae7194ea7c9d40ce50d.jpg","contentUrl":"https:\/\/mangahobbies.click\/wp-content\/uploads\/2025\/05\/z6633822813162_3da9e480e8890ae7194ea7c9d40ce50d.jpg","width":768,"height":1166},{"@type":"BreadcrumbList","@id":"https:\/\/mangahobbies.click\/?product=retro-glass-jug-330-ml#breadcrumb","itemListElement":[{"@type":"ListItem","position":1,"name":"Trang ch\u1ee7","item":"https:\/\/mangahobbies.click\/"},{"@type":"ListItem","position":2,"name":"C\u1eeda h\u00e0ng","item":"https:\/\/mangahobbies.click\/?page_id=19"},{"@type":"ListItem","position":3,"name":"Thanh G\u01b0\u01a1m Di\u1ec7t Qu\u1ef7 &#8211; T\u1eadp 4"}]},{"@type":"WebSite","@id":"https:\/\/mangahobbies.click\/#website","url":"https:\/\/mangahobbies.click\/","name":"Manga Hobbies","description":"","publisher":{"@id":"https:\/\/mangahobbies.click\/#organization"},"potentialAction":[{"@type":"SearchAction","target":{"@type":"EntryPoint","urlTemplate":"https:\/\/mangahobbies.click\/?s={search_term_string}"},"query-input":{"@type":"PropertyValueSpecification","valueRequired":true,"valueName":"search_term_string"}}],"inLanguage":"vi"},{"@type":"Organization","@id":"https:\/\/mangahobbies.click\/#organization","name":"Manga Hobbies","url":"https:\/\/mangahobbies.click\/","logo":{"@type":"ImageObject","inLanguage":"vi","@id":"https:\/\/mangahobbies.click\/#\/schema\/logo\/image\/","url":"https:\/\/mangahobbies.click\/wp-content\/uploads\/2025\/05\/Beige-Red-Minimalist-Pastry-Bakery-Logo-6.png","contentUrl":"https:\/\/mangahobbies.click\/wp-content\/uploads\/2025\/05\/Beige-Red-Minimalist-Pastry-Bakery-Logo-6.png","width":500,"height":500,"caption":"Manga Hobbies"},"image":{"@id":"https:\/\/mangahobbies.click\/#\/schema\/logo\/image\/"}}]}},"jetpack_sharing_enabled":true,"_links":{"self":[{"href":"https:\/\/mangahobbies.click\/index.php?rest_route=\/wp\/v2\/product\/72","targetHints":{"allow":["GET"]}}],"collection":[{"href":"https:\/\/mangahobbies.click\/index.php?rest_route=\/wp\/v2\/product"}],"about":[{"href":"https:\/\/mangahobbies.click\/index.php?rest_route=\/wp\/v2\/types\/product"}],"replies":[{"embeddable":true,"href":"https:\/\/mangahobbies.click\/index.php?rest_route=%2Fwp%2Fv2%2Fcomments&post=72"}],"wp:featuredmedia":[{"embeddable":true,"href":"https:\/\/mangahobbies.click\/index.php?rest_route=\/wp\/v2\/media\/97"}],"wp:attachment":[{"href":"https:\/\/mangahobbies.click\/index.php?rest_route=%2Fwp%2Fv2%2Fmedia&parent=72"}],"wp:term":[{"taxonomy":"product_brand","embeddable":true,"href":"https:\/\/mangahobbies.click\/index.php?rest_route=%2Fwp%2Fv2%2Fproduct_brand&post=72"},{"taxonomy":"product_cat","embeddable":true,"href":"https:\/\/mangahobbies.click\/index.php?rest_route=%2Fwp%2Fv2%2Fproduct_cat&post=72"},{"taxonomy":"product_tag","embeddable":true,"href":"https:\/\/mangahobbies.click\/index.php?rest_route=%2Fwp%2Fv2%2Fproduct_tag&post=72"}],"curies":[{"name":"wp","href":"https:\/\/api.w.org\/{rel}","templated":true}]}}