{"id":219,"date":"2026-01-05T02:02:52","date_gmt":"2026-01-05T02:02:52","guid":{"rendered":"https:\/\/mangahobbies.click\/?page_id=219"},"modified":"2026-01-07T01:25:42","modified_gmt":"2026-01-07T01:25:42","slug":"chinh-sach-bao-mat","status":"publish","type":"page","link":"https:\/\/mangahobbies.click\/?page_id=219","title":{"rendered":"Ch\u00ednh s\u00e1ch b\u1ea3o m\u1eadt"},"content":{"rendered":"\n<div class=\"wp-block-group alignfull has-global-padding is-layout-constrained wp-container-core-group-is-layout-490fa1db wp-block-group-is-layout-constrained\" style=\"padding-top:var(--wp--preset--spacing--50);padding-right:var(--wp--preset--spacing--50);padding-bottom:var(--wp--preset--spacing--50);padding-left:var(--wp--preset--spacing--50)\">\n<div class=\"wp-block-group has-global-padding is-layout-constrained wp-container-core-group-is-layout-650790e1 wp-block-group-is-layout-constrained\">\n<h1 class=\"wp-block-heading has-text-align-center has-x-large-font-size\">Ch\u00ednh s\u00e1ch b\u1ea3o m\u1eadt<br>MANGA HOBBIES<\/h1>\n\n\n\n<div style=\"height:1.25rem\" aria-hidden=\"true\" class=\"wp-block-spacer\"><\/div>\n\n\n\n<p class=\"has-text-align-center\"><a href=\"https:\/\/mangahobbies.click\/\">MangaHobbies.click<\/a> cam k\u1ebft b\u1ea3o m\u1eadt tuy\u1ec7t \u0111\u1ed1i th\u00f4ng tin c\u00e1 nh\u00e2n c\u1ee7a kh\u00e1ch h\u00e0ng khi truy c\u1eadp v\u00e0 mua s\u1eafm t\u1ea1i website.<\/p>\n\n\n\n<div style=\"height:1.25rem\" aria-hidden=\"true\" class=\"wp-block-spacer\"><\/div>\n<\/div>\n\n\n\n<div style=\"height:var(--wp--preset--spacing--30)\" aria-hidden=\"true\" class=\"wp-block-spacer\"><\/div>\n\n\n\n<figure class=\"wp-block-image alignwide size-full is-style-rounded is-style-rounded--1\"><img loading=\"lazy\" decoding=\"async\" width=\"850\" height=\"631\" src=\"https:\/\/mangahobbies.click\/wp-content\/uploads\/2025\/05\/hinh-anh_2025-12-03_074527876.png\" alt=\"\" class=\"wp-image-198\" srcset=\"https:\/\/mangahobbies.click\/wp-content\/uploads\/2025\/05\/hinh-anh_2025-12-03_074527876.png 850w, https:\/\/mangahobbies.click\/wp-content\/uploads\/2025\/05\/hinh-anh_2025-12-03_074527876-300x223.png 300w, https:\/\/mangahobbies.click\/wp-content\/uploads\/2025\/05\/hinh-anh_2025-12-03_074527876-768x570.png 768w, https:\/\/mangahobbies.click\/wp-content\/uploads\/2025\/05\/hinh-anh_2025-12-03_074527876-600x445.png 600w\" sizes=\"auto, (max-width: 850px) 100vw, 850px\" \/><\/figure>\n<\/div>\n\n\n\n<div class=\"wp-block-group alignfull has-base-2-background-color has-background has-global-padding is-layout-constrained wp-container-core-group-is-layout-669513ed wp-block-group-is-layout-constrained\" style=\"margin-top:0;margin-bottom:0;padding-top:var(--wp--preset--spacing--50);padding-right:var(--wp--preset--spacing--50);padding-bottom:var(--wp--preset--spacing--50);padding-left:var(--wp--preset--spacing--50)\">\n<div style=\"margin-top:0;margin-bottom:0;height:var(--wp--preset--spacing--40)\" aria-hidden=\"true\" class=\"wp-block-spacer\"><\/div>\n\n\n\n<div class=\"wp-block-columns alignwide is-layout-flex wp-container-core-columns-is-layout-d0bbbce0 wp-block-columns-is-layout-flex\">\n<div class=\"wp-block-column is-layout-flow wp-container-core-column-is-layout-e3d1c41b wp-block-column-is-layout-flow\">\n<h3 class=\"wp-block-heading has-text-align-left is-style-asterisk has-body-font-family has-medium-font-size\" style=\"font-style:normal;font-weight:600\">1. Thu th\u1eadp th\u00f4ng tin<\/h3>\n\n\n\n<p class=\"has-text-align-left\">Ch\u00fang t\u00f4i thu th\u1eadp c\u00e1c th\u00f4ng tin c\u1ea7n thi\u1ebft nh\u01b0: h\u1ecd t\u00ean, email, s\u1ed1 \u0111i\u1ec7n tho\u1ea1i, \u0111\u1ecba ch\u1ec9 giao h\u00e0ng nh\u1eb1m ph\u1ee5c v\u1ee5 vi\u1ec7c \u0111\u1eb7t h\u00e0ng v\u00e0 ch\u0103m s\u00f3c kh\u00e1ch h\u00e0ng. Ngo\u00e0i ra, website c\u00f3 th\u1ec3 ghi nh\u1eadn d\u1eef li\u1ec7u truy c\u1eadp nh\u01b0 IP, tr\u00ecnh duy\u1ec7t, th\u1eddi gian truy c\u1eadp.<\/p>\n<\/div>\n\n\n\n<div class=\"wp-block-column is-layout-flow wp-container-core-column-is-layout-e3d1c41b wp-block-column-is-layout-flow\">\n<h3 class=\"wp-block-heading has-text-align-left is-style-asterisk has-body-font-family has-medium-font-size\" style=\"font-style:normal;font-weight:600\">2. S\u1eed d\u1ee5ng th\u00f4ng tin<\/h3>\n\n\n\n<p class=\"has-text-align-left\">Th\u00f4ng tin c\u00e1 nh\u00e2n \u0111\u01b0\u1ee3c s\u1eed d\u1ee5ng \u0111\u1ec3:<\/p>\n\n\n\n<p class=\"has-text-align-left\">X\u1eed l\u00fd \u0111\u01a1n h\u00e0ng Li\u00ean h\u1ec7 x\u00e1c nh\u1eadn v\u00e0 h\u1ed7 tr\u1ee3 kh\u00e1ch h\u00e0ng G\u1eedi th\u00f4ng tin s\u1ea3n ph\u1ea9m manga, figure v\u00e0 khuy\u1ebfn m\u00e3i (n\u1ebfu kh\u00e1ch h\u00e0ng \u0111\u1ed3ng \u00fd)<\/p>\n<\/div>\n\n\n\n<div class=\"wp-block-column is-layout-flow wp-container-core-column-is-layout-e3d1c41b wp-block-column-is-layout-flow\">\n<h3 class=\"wp-block-heading has-text-align-left is-style-asterisk has-body-font-family has-medium-font-size\" style=\"font-style:normal;font-weight:600\">3. L\u01b0u tr\u1eef &amp; b\u1ea3o m\u1eadt<\/h3>\n\n\n\n<p class=\"has-text-align-left\">Th\u00f4ng tin \u0111\u01b0\u1ee3c l\u01b0u tr\u1eef an to\u00e0n tr\u00ean h\u1ec7 th\u1ed1ng c\u1ee7a <a href=\"https:\/\/mangahobbies.click\/\">MangaHobbies.click<\/a> v\u00e0 ch\u1ec9 gi\u1eef \u0111\u1ebfn khi kh\u00e1ch h\u00e0ng y\u00eau c\u1ea7u x\u00f3a. Ch\u00fang t\u00f4i kh\u00f4ng chia s\u1ebb th\u00f4ng tin cho b\u00ean th\u1ee9 ba khi ch\u01b0a c\u00f3 s\u1ef1 \u0111\u1ed3ng \u00fd.<\/p>\n<\/div>\n<\/div>\n\n\n\n<div style=\"height:var(--wp--preset--spacing--20)\" aria-hidden=\"true\" class=\"wp-block-spacer\"><\/div>\n\n\n\n<div class=\"wp-block-columns alignwide is-layout-flex wp-container-core-columns-is-layout-d0bbbce0 wp-block-columns-is-layout-flex\">\n<div class=\"wp-block-column is-layout-flow wp-container-core-column-is-layout-e3d1c41b wp-block-column-is-layout-flow\">\n<h3 class=\"wp-block-heading has-text-align-left is-style-asterisk has-body-font-family has-medium-font-size\" style=\"font-style:normal;font-weight:600\">4. Thanh to\u00e1n<\/h3>\n\n\n\n<p class=\"has-text-align-left\">Manga Hobbies kh\u00f4ng l\u01b0u tr\u1eef th\u00f4ng tin th\u1ebb thanh to\u00e1n.<\/p>\n\n\n\n<p class=\"has-text-align-left\">C\u00e1c giao d\u1ecbch \u0111\u01b0\u1ee3c b\u1ea3o m\u1eadt th\u00f4ng qua c\u1ed5ng thanh to\u00e1n trung gian uy t\u00edn.<\/p>\n<\/div>\n\n\n\n<div class=\"wp-block-column is-layout-flow wp-container-core-column-is-layout-e3d1c41b wp-block-column-is-layout-flow\">\n<h3 class=\"wp-block-heading has-text-align-left is-style-asterisk has-body-font-family has-medium-font-size\" style=\"font-style:normal;font-weight:600\">5. Quy\u1ec1n c\u1ee7a kh\u00e1ch h\u00e0ng<\/h3>\n\n\n\n<p class=\"has-text-align-left\">Kh\u00e1ch h\u00e0ng c\u00f3 th\u1ec3 y\u00eau c\u1ea7u xem, ch\u1ec9nh s\u1eeda ho\u1eb7c x\u00f3a th\u00f4ng tin c\u00e1 nh\u00e2n th\u00f4ng qua c\u00e1c k\u00eanh li\u00ean h\u1ec7 ch\u00ednh th\u1ee9c c\u1ee7a Manga Hobbies.<\/p>\n\n\n\n<p><a href=\"https:\/\/www.facebook.com\/profile.php?id=61576760128576\">Facebook Manga Hobbies<br><\/a><a href=\"https:\/\/s.shopee.vn\/4VWLScspRz\">Shopee Mangas Zone<\/a><\/p>\n<\/div>\n<\/div>\n<\/div>\n","protected":false},"excerpt":{"rendered":"<p>Ch\u00ednh s\u00e1ch b\u1ea3o m\u1eadtMANGA HOBBIES MangaHobbies.click cam k\u1ebft b\u1ea3o m\u1eadt tuy\u1ec7t \u0111\u1ed1i th\u00f4ng tin c\u00e1 nh\u00e2n c\u1ee7a kh\u00e1ch h\u00e0ng khi truy c\u1eadp v\u00e0 mua s\u1eafm t\u1ea1i website. 1. Thu th\u1eadp th\u00f4ng tin Ch\u00fang t\u00f4i thu th\u1eadp c\u00e1c th\u00f4ng tin c\u1ea7n thi\u1ebft nh\u01b0: h\u1ecd t\u00ean, email, s\u1ed1 \u0111i\u1ec7n tho\u1ea1i, \u0111\u1ecba ch\u1ec9 giao h\u00e0ng nh\u1eb1m ph\u1ee5c v\u1ee5 [&hellip;]<\/p>\n","protected":false},"author":1,"featured_media":0,"parent":0,"menu_order":0,"comment_status":"closed","ping_status":"closed","template":"","meta":{"footnotes":""},"class_list":["post-219","page","type-page","status-publish","hentry"],"ams_acf":[],"yoast_head":"<!-- This site is optimized with the Yoast SEO plugin v25.6 - https:\/\/yoast.com\/wordpress\/plugins\/seo\/ -->\n<title>Ch\u00ednh s\u00e1ch b\u1ea3o m\u1eadt - Manga Hobbies<\/title>\n<meta name=\"robots\" content=\"index, follow, max-snippet:-1, max-image-preview:large, max-video-preview:-1\" \/>\n<link rel=\"canonical\" href=\"https:\/\/mangahobbies.click\/?page_id=219\" \/>\n<meta property=\"og:locale\" content=\"vi_VN\" \/>\n<meta property=\"og:type\" content=\"article\" \/>\n<meta property=\"og:title\" content=\"Ch\u00ednh s\u00e1ch b\u1ea3o m\u1eadt - Manga Hobbies\" \/>\n<meta property=\"og:description\" content=\"Ch\u00ednh s\u00e1ch b\u1ea3o m\u1eadtMANGA HOBBIES MangaHobbies.click cam k\u1ebft b\u1ea3o m\u1eadt tuy\u1ec7t \u0111\u1ed1i th\u00f4ng tin c\u00e1 nh\u00e2n c\u1ee7a kh\u00e1ch h\u00e0ng khi truy c\u1eadp v\u00e0 mua s\u1eafm t\u1ea1i website. 1. Thu th\u1eadp th\u00f4ng tin Ch\u00fang t\u00f4i thu th\u1eadp c\u00e1c th\u00f4ng tin c\u1ea7n thi\u1ebft nh\u01b0: h\u1ecd t\u00ean, email, s\u1ed1 \u0111i\u1ec7n tho\u1ea1i, \u0111\u1ecba ch\u1ec9 giao h\u00e0ng nh\u1eb1m ph\u1ee5c v\u1ee5 [&hellip;]\" \/>\n<meta property=\"og:url\" content=\"https:\/\/mangahobbies.click\/?page_id=219\" \/>\n<meta property=\"og:site_name\" content=\"Manga Hobbies\" \/>\n<meta property=\"article:modified_time\" content=\"2026-01-07T01:25:42+00:00\" \/>\n<meta property=\"og:image\" content=\"https:\/\/mangahobbies.click\/wp-content\/uploads\/2025\/05\/hinh-anh_2025-12-03_074527876.png\" \/>\n\t<meta property=\"og:image:width\" content=\"850\" \/>\n\t<meta property=\"og:image:height\" content=\"631\" \/>\n\t<meta property=\"og:image:type\" content=\"image\/png\" \/>\n<meta name=\"twitter:card\" content=\"summary_large_image\" \/>\n<meta name=\"twitter:label1\" content=\"\u01af\u1edbc t\u00ednh th\u1eddi gian \u0111\u1ecdc\" \/>\n\t<meta name=\"twitter:data1\" content=\"2 ph\u00fat\" \/>\n<script type=\"application\/ld+json\" class=\"yoast-schema-graph\">{\"@context\":\"https:\/\/schema.org\",\"@graph\":[{\"@type\":\"WebPage\",\"@id\":\"https:\/\/mangahobbies.click\/?page_id=219\",\"url\":\"https:\/\/mangahobbies.click\/?page_id=219\",\"name\":\"Ch\u00ednh s\u00e1ch b\u1ea3o m\u1eadt - Manga Hobbies\",\"isPartOf\":{\"@id\":\"https:\/\/mangahobbies.click\/#website\"},\"primaryImageOfPage\":{\"@id\":\"https:\/\/mangahobbies.click\/?page_id=219#primaryimage\"},\"image\":{\"@id\":\"https:\/\/mangahobbies.click\/?page_id=219#primaryimage\"},\"thumbnailUrl\":\"https:\/\/mangahobbies.click\/wp-content\/uploads\/2025\/05\/hinh-anh_2025-12-03_074527876.png\",\"datePublished\":\"2026-01-05T02:02:52+00:00\",\"dateModified\":\"2026-01-07T01:25:42+00:00\",\"breadcrumb\":{\"@id\":\"https:\/\/mangahobbies.click\/?page_id=219#breadcrumb\"},\"inLanguage\":\"vi\",\"potentialAction\":[{\"@type\":\"ReadAction\",\"target\":[\"https:\/\/mangahobbies.click\/?page_id=219\"]}]},{\"@type\":\"ImageObject\",\"inLanguage\":\"vi\",\"@id\":\"https:\/\/mangahobbies.click\/?page_id=219#primaryimage\",\"url\":\"https:\/\/mangahobbies.click\/wp-content\/uploads\/2025\/05\/hinh-anh_2025-12-03_074527876.png\",\"contentUrl\":\"https:\/\/mangahobbies.click\/wp-content\/uploads\/2025\/05\/hinh-anh_2025-12-03_074527876.png\",\"width\":850,\"height\":631},{\"@type\":\"BreadcrumbList\",\"@id\":\"https:\/\/mangahobbies.click\/?page_id=219#breadcrumb\",\"itemListElement\":[{\"@type\":\"ListItem\",\"position\":1,\"name\":\"Trang ch\u1ee7\",\"item\":\"https:\/\/mangahobbies.click\/\"},{\"@type\":\"ListItem\",\"position\":2,\"name\":\"Ch\u00ednh s\u00e1ch b\u1ea3o m\u1eadt\"}]},{\"@type\":\"WebSite\",\"@id\":\"https:\/\/mangahobbies.click\/#website\",\"url\":\"https:\/\/mangahobbies.click\/\",\"name\":\"Manga Hobbies\",\"description\":\"\",\"publisher\":{\"@id\":\"https:\/\/mangahobbies.click\/#organization\"},\"potentialAction\":[{\"@type\":\"SearchAction\",\"target\":{\"@type\":\"EntryPoint\",\"urlTemplate\":\"https:\/\/mangahobbies.click\/?s={search_term_string}\"},\"query-input\":{\"@type\":\"PropertyValueSpecification\",\"valueRequired\":true,\"valueName\":\"search_term_string\"}}],\"inLanguage\":\"vi\"},{\"@type\":\"Organization\",\"@id\":\"https:\/\/mangahobbies.click\/#organization\",\"name\":\"Manga Hobbies\",\"url\":\"https:\/\/mangahobbies.click\/\",\"logo\":{\"@type\":\"ImageObject\",\"inLanguage\":\"vi\",\"@id\":\"https:\/\/mangahobbies.click\/#\/schema\/logo\/image\/\",\"url\":\"https:\/\/mangahobbies.click\/wp-content\/uploads\/2025\/05\/Beige-Red-Minimalist-Pastry-Bakery-Logo-6.png\",\"contentUrl\":\"https:\/\/mangahobbies.click\/wp-content\/uploads\/2025\/05\/Beige-Red-Minimalist-Pastry-Bakery-Logo-6.png\",\"width\":500,\"height\":500,\"caption\":\"Manga Hobbies\"},\"image\":{\"@id\":\"https:\/\/mangahobbies.click\/#\/schema\/logo\/image\/\"}}]}<\/script>\n<!-- \/ Yoast SEO plugin. -->","yoast_head_json":{"title":"Ch\u00ednh s\u00e1ch b\u1ea3o m\u1eadt - Manga Hobbies","robots":{"index":"index","follow":"follow","max-snippet":"max-snippet:-1","max-image-preview":"max-image-preview:large","max-video-preview":"max-video-preview:-1"},"canonical":"https:\/\/mangahobbies.click\/?page_id=219","og_locale":"vi_VN","og_type":"article","og_title":"Ch\u00ednh s\u00e1ch b\u1ea3o m\u1eadt - Manga Hobbies","og_description":"Ch\u00ednh s\u00e1ch b\u1ea3o m\u1eadtMANGA HOBBIES MangaHobbies.click cam k\u1ebft b\u1ea3o m\u1eadt tuy\u1ec7t \u0111\u1ed1i th\u00f4ng tin c\u00e1 nh\u00e2n c\u1ee7a kh\u00e1ch h\u00e0ng khi truy c\u1eadp v\u00e0 mua s\u1eafm t\u1ea1i website. 1. Thu th\u1eadp th\u00f4ng tin Ch\u00fang t\u00f4i thu th\u1eadp c\u00e1c th\u00f4ng tin c\u1ea7n thi\u1ebft nh\u01b0: h\u1ecd t\u00ean, email, s\u1ed1 \u0111i\u1ec7n tho\u1ea1i, \u0111\u1ecba ch\u1ec9 giao h\u00e0ng nh\u1eb1m ph\u1ee5c v\u1ee5 [&hellip;]","og_url":"https:\/\/mangahobbies.click\/?page_id=219","og_site_name":"Manga Hobbies","article_modified_time":"2026-01-07T01:25:42+00:00","og_image":[{"width":850,"height":631,"url":"https:\/\/mangahobbies.click\/wp-content\/uploads\/2025\/05\/hinh-anh_2025-12-03_074527876.png","type":"image\/png"}],"twitter_card":"summary_large_image","twitter_misc":{"\u01af\u1edbc t\u00ednh th\u1eddi gian \u0111\u1ecdc":"2 ph\u00fat"},"schema":{"@context":"https:\/\/schema.org","@graph":[{"@type":"WebPage","@id":"https:\/\/mangahobbies.click\/?page_id=219","url":"https:\/\/mangahobbies.click\/?page_id=219","name":"Ch\u00ednh s\u00e1ch b\u1ea3o m\u1eadt - Manga Hobbies","isPartOf":{"@id":"https:\/\/mangahobbies.click\/#website"},"primaryImageOfPage":{"@id":"https:\/\/mangahobbies.click\/?page_id=219#primaryimage"},"image":{"@id":"https:\/\/mangahobbies.click\/?page_id=219#primaryimage"},"thumbnailUrl":"https:\/\/mangahobbies.click\/wp-content\/uploads\/2025\/05\/hinh-anh_2025-12-03_074527876.png","datePublished":"2026-01-05T02:02:52+00:00","dateModified":"2026-01-07T01:25:42+00:00","breadcrumb":{"@id":"https:\/\/mangahobbies.click\/?page_id=219#breadcrumb"},"inLanguage":"vi","potentialAction":[{"@type":"ReadAction","target":["https:\/\/mangahobbies.click\/?page_id=219"]}]},{"@type":"ImageObject","inLanguage":"vi","@id":"https:\/\/mangahobbies.click\/?page_id=219#primaryimage","url":"https:\/\/mangahobbies.click\/wp-content\/uploads\/2025\/05\/hinh-anh_2025-12-03_074527876.png","contentUrl":"https:\/\/mangahobbies.click\/wp-content\/uploads\/2025\/05\/hinh-anh_2025-12-03_074527876.png","width":850,"height":631},{"@type":"BreadcrumbList","@id":"https:\/\/mangahobbies.click\/?page_id=219#breadcrumb","itemListElement":[{"@type":"ListItem","position":1,"name":"Trang ch\u1ee7","item":"https:\/\/mangahobbies.click\/"},{"@type":"ListItem","position":2,"name":"Ch\u00ednh s\u00e1ch b\u1ea3o m\u1eadt"}]},{"@type":"WebSite","@id":"https:\/\/mangahobbies.click\/#website","url":"https:\/\/mangahobbies.click\/","name":"Manga Hobbies","description":"","publisher":{"@id":"https:\/\/mangahobbies.click\/#organization"},"potentialAction":[{"@type":"SearchAction","target":{"@type":"EntryPoint","urlTemplate":"https:\/\/mangahobbies.click\/?s={search_term_string}"},"query-input":{"@type":"PropertyValueSpecification","valueRequired":true,"valueName":"search_term_string"}}],"inLanguage":"vi"},{"@type":"Organization","@id":"https:\/\/mangahobbies.click\/#organization","name":"Manga Hobbies","url":"https:\/\/mangahobbies.click\/","logo":{"@type":"ImageObject","inLanguage":"vi","@id":"https:\/\/mangahobbies.click\/#\/schema\/logo\/image\/","url":"https:\/\/mangahobbies.click\/wp-content\/uploads\/2025\/05\/Beige-Red-Minimalist-Pastry-Bakery-Logo-6.png","contentUrl":"https:\/\/mangahobbies.click\/wp-content\/uploads\/2025\/05\/Beige-Red-Minimalist-Pastry-Bakery-Logo-6.png","width":500,"height":500,"caption":"Manga Hobbies"},"image":{"@id":"https:\/\/mangahobbies.click\/#\/schema\/logo\/image\/"}}]}},"jetpack_sharing_enabled":true,"_links":{"self":[{"href":"https:\/\/mangahobbies.click\/index.php?rest_route=\/wp\/v2\/pages\/219","targetHints":{"allow":["GET"]}}],"collection":[{"href":"https:\/\/mangahobbies.click\/index.php?rest_route=\/wp\/v2\/pages"}],"about":[{"href":"https:\/\/mangahobbies.click\/index.php?rest_route=\/wp\/v2\/types\/page"}],"author":[{"embeddable":true,"href":"https:\/\/mangahobbies.click\/index.php?rest_route=\/wp\/v2\/users\/1"}],"replies":[{"embeddable":true,"href":"https:\/\/mangahobbies.click\/index.php?rest_route=%2Fwp%2Fv2%2Fcomments&post=219"}],"version-history":[{"count":3,"href":"https:\/\/mangahobbies.click\/index.php?rest_route=\/wp\/v2\/pages\/219\/revisions"}],"predecessor-version":[{"id":231,"href":"https:\/\/mangahobbies.click\/index.php?rest_route=\/wp\/v2\/pages\/219\/revisions\/231"}],"wp:attachment":[{"href":"https:\/\/mangahobbies.click\/index.php?rest_route=%2Fwp%2Fv2%2Fmedia&parent=219"}],"curies":[{"name":"wp","href":"https:\/\/api.w.org\/{rel}","templated":true}]}}