{"id":20,"date":"2025-05-24T03:57:28","date_gmt":"2025-05-24T03:57:28","guid":{"rendered":"https:\/\/mangahobbies.click\/?page_id=20"},"modified":"2025-05-25T07:04:49","modified_gmt":"2025-05-25T07:04:49","slug":"gio-hang","status":"publish","type":"page","link":"https:\/\/mangahobbies.click\/?page_id=20","title":{"rendered":"Gi\u1ecf h\u00e0ng"},"content":{"rendered":"\n<div data-block-name=\"woocommerce\/cart\" class=\"wp-block-woocommerce-cart alignwide is-loading\">\n<div data-block-name=\"woocommerce\/filled-cart-block\" class=\"wp-block-woocommerce-filled-cart-block\">\n<div data-block-name=\"woocommerce\/cart-items-block\" class=\"wp-block-woocommerce-cart-items-block\">\n<div data-block-name=\"woocommerce\/cart-line-items-block\" class=\"wp-block-woocommerce-cart-line-items-block\"><\/div>\n\n\n\n<div data-block-name=\"woocommerce\/cart-cross-sells-block\" class=\"wp-block-woocommerce-cart-cross-sells-block\">\n<h2 class=\"wp-block-heading has-large-font-size\">B\u1ea1n c\u00f3 th\u1ec3 quan t\u00e2m \u0111\u1ebfn\u2026<\/h2>\n\n\n\n<div data-block-name=\"woocommerce\/cart-cross-sells-products-block\" class=\"wp-block-woocommerce-cart-cross-sells-products-block\"><\/div>\n<\/div>\n<\/div>\n\n\n\n<div data-block-name=\"woocommerce\/cart-totals-block\" class=\"wp-block-woocommerce-cart-totals-block\">\n<div data-block-name=\"woocommerce\/cart-order-summary-block\" class=\"wp-block-woocommerce-cart-order-summary-block\">\n<div data-block-name=\"woocommerce\/cart-order-summary-heading-block\" class=\"wp-block-woocommerce-cart-order-summary-heading-block\"><\/div><div data-block-name=\"woocommerce\/cart-order-summary-coupon-form-block\" class=\"wp-block-woocommerce-cart-order-summary-coupon-form-block\"><\/div><div data-block-name=\"woocommerce\/cart-order-summary-totals-block\" class=\"wp-block-woocommerce-cart-order-summary-totals-block\">\n<div data-block-name=\"woocommerce\/cart-order-summary-subtotal-block\" class=\"wp-block-woocommerce-cart-order-summary-subtotal-block\"><\/div>\n<div data-block-name=\"woocommerce\/cart-order-summary-discount-block\" class=\"wp-block-woocommerce-cart-order-summary-discount-block\"><\/div>\n<div data-block-name=\"woocommerce\/cart-order-summary-fee-block\" class=\"wp-block-woocommerce-cart-order-summary-fee-block\"><\/div>\n<div data-block-name=\"woocommerce\/cart-order-summary-shipping-block\" class=\"wp-block-woocommerce-cart-order-summary-shipping-block\"><\/div>\n<div data-block-name=\"woocommerce\/cart-order-summary-taxes-block\" class=\"wp-block-woocommerce-cart-order-summary-taxes-block\"><\/div><\/div>\n<\/div>\n\n\n\n<div data-block-name=\"woocommerce\/cart-express-payment-block\" class=\"wp-block-woocommerce-cart-express-payment-block\"><\/div>\n\n\n\n<div data-block-name=\"woocommerce\/proceed-to-checkout-block\" class=\"wp-block-woocommerce-proceed-to-checkout-block\"><\/div>\n\n\n\n<div data-block-name=\"woocommerce\/cart-accepted-payment-methods-block\" class=\"wp-block-woocommerce-cart-accepted-payment-methods-block\"><\/div>\n<\/div>\n<\/div>\n\n\n\n<div data-block-name=\"woocommerce\/empty-cart-block\" class=\"wp-block-woocommerce-empty-cart-block\">\n<h2 class=\"wp-block-heading has-text-align-center with-empty-cart-icon wc-block-cart__empty-cart__title\">Gi\u1ecf h\u00e0ng hi\u1ec7n t\u1ea1i ch\u01b0a c\u00f3 s\u1ea3n ph\u1ea9m n\u00e0o!<\/h2>\n\n\n\n<hr class=\"wp-block-separator has-alpha-channel-opacity is-style-dots\"\/>\n\n\n\n<h2 class=\"wp-block-heading has-text-align-center\">M\u1edbi trong c\u1eeda h\u00e0ng<\/h2>\n\n\n<div data-block-name=\"woocommerce\/product-new\" data-columns=\"4\" data-rows=\"1\" class=\"wc-block-grid wp-block-product-new wp-block-woocommerce-product-new wc-block-product-new has-4-columns\"><ul class=\"wc-block-grid__products\"><li class=\"wc-block-grid__product\">\n\t\t\t\t<a href=\"https:\/\/mangahobbies.click\/?product=thanh-guom-diet-quy-kimetsu-no-yaiba-tap-20-trai-tim-kien-dinh-dan-loi-17\" class=\"wc-block-grid__product-link\">\n\t\t\t\t\t<div class=\"wc-block-grid__product-onsale\">\n\t\t\t<span aria-hidden=\"true\">Khuy\u1ebfn m\u1ea1i<\/span>\n\t\t\t<span class=\"screen-reader-text\">S\u1ea3n ph\u1ea9m \u0111ang gi\u1ea3m gi\u00e1<\/span>\n\t\t<\/div>\n\t\t\t\t\t<div class=\"wc-block-grid__product-image\"><img loading=\"lazy\" decoding=\"async\" width=\"300\" height=\"300\" src=\"https:\/\/mangahobbies.click\/wp-content\/uploads\/2025\/08\/thanh-guom-300x300.jpg\" class=\"attachment-woocommerce_thumbnail size-woocommerce_thumbnail\" alt=\"Thanh G\u01b0\u01a1m Di\u1ec7t Qu\u1ef7 - Kimetsu No Yaiba - T\u1eadp 20 - Tr\u00e1i Tim Ki\u00ean \u0110\u1ecbnh D\u1eabn L\u1ed1i (17+)\" srcset=\"https:\/\/mangahobbies.click\/wp-content\/uploads\/2025\/08\/thanh-guom-300x300.jpg 300w, https:\/\/mangahobbies.click\/wp-content\/uploads\/2025\/08\/thanh-guom-150x150.jpg 150w, https:\/\/mangahobbies.click\/wp-content\/uploads\/2025\/08\/thanh-guom-100x100.jpg 100w\" sizes=\"auto, (max-width: 300px) 100vw, 300px\" \/><\/div>\n\t\t\t\t\t<div class=\"wc-block-grid__product-title\">Thanh G\u01b0\u01a1m Di\u1ec7t Qu\u1ef7 &#8211; Kimetsu No Yaiba &#8211; T\u1eadp 20 &#8211; Tr\u00e1i Tim Ki\u00ean \u0110\u1ecbnh D\u1eabn L\u1ed1i (17+)<\/div>\n\t\t\t\t<\/a>\n\t\t\t\t<div class=\"wc-block-grid__product-price price\"><del aria-hidden=\"true\"><span class=\"woocommerce-Price-amount amount\">18.000&nbsp;<span class=\"woocommerce-Price-currencySymbol\">&#8363;<\/span><\/span><\/del> <span class=\"screen-reader-text\">Gi\u00e1 g\u1ed1c l\u00e0: 18.000&nbsp;&#8363;.<\/span><ins aria-hidden=\"true\"><span class=\"woocommerce-Price-amount amount\">17.500&nbsp;<span class=\"woocommerce-Price-currencySymbol\">&#8363;<\/span><\/span><\/ins><span class=\"screen-reader-text\">Gi\u00e1 hi\u1ec7n t\u1ea1i l\u00e0: 17.500&nbsp;&#8363;.<\/span><\/div>\n\t\t\t\t\n\t\t\t\t<div class=\"wp-block-button wc-block-grid__product-add-to-cart\"><a href=\"?add-to-cart=192\" aria-label=\"Th\u00eam v\u00e0o gi\u1ecf h\u00e0ng: &ldquo;Thanh G\u01b0\u01a1m Di\u1ec7t Qu\u1ef7 - Kimetsu No Yaiba - T\u1eadp 20 - Tr\u00e1i Tim Ki\u00ean \u0110\u1ecbnh D\u1eabn L\u1ed1i (17+)&rdquo;\" data-quantity=\"1\" data-product_id=\"192\" data-product_sku=\"\" data-price=\"17500\" rel=\"nofollow\" class=\"wp-block-button__link wp-element-button add_to_cart_button ajax_add_to_cart\">Th\u00eam v\u00e0o gi\u1ecf h\u00e0ng<\/a><\/div>\n\t\t\t<\/li><li class=\"wc-block-grid__product\">\n\t\t\t\t<a href=\"https:\/\/mangahobbies.click\/?product=monster-8-tap-10\" class=\"wc-block-grid__product-link\">\n\t\t\t\t\t<div class=\"wc-block-grid__product-onsale\">\n\t\t\t<span aria-hidden=\"true\">Khuy\u1ebfn m\u1ea1i<\/span>\n\t\t\t<span class=\"screen-reader-text\">S\u1ea3n ph\u1ea9m \u0111ang gi\u1ea3m gi\u00e1<\/span>\n\t\t<\/div>\n\t\t\t\t\t<div class=\"wc-block-grid__product-image\"><img loading=\"lazy\" decoding=\"async\" width=\"300\" height=\"300\" src=\"https:\/\/mangahobbies.click\/wp-content\/uploads\/2025\/06\/z6703672293645_e109aad56dd899e025d5bc36a8a4b4c2-300x300.jpg\" class=\"attachment-woocommerce_thumbnail size-woocommerce_thumbnail\" alt=\"COMBO 2: MONSTER #8 - T\u1eadp 10 + Neon Genesis Evangelion - Collector\u2019s Edition - T\u1eadp 2\" srcset=\"https:\/\/mangahobbies.click\/wp-content\/uploads\/2025\/06\/z6703672293645_e109aad56dd899e025d5bc36a8a4b4c2-300x300.jpg 300w, https:\/\/mangahobbies.click\/wp-content\/uploads\/2025\/06\/z6703672293645_e109aad56dd899e025d5bc36a8a4b4c2-150x150.jpg 150w, https:\/\/mangahobbies.click\/wp-content\/uploads\/2025\/06\/z6703672293645_e109aad56dd899e025d5bc36a8a4b4c2-100x100.jpg 100w\" sizes=\"auto, (max-width: 300px) 100vw, 300px\" \/><\/div>\n\t\t\t\t\t<div class=\"wc-block-grid__product-title\">COMBO 2: MONSTER #8 &#8211; T\u1eadp 10 + Neon Genesis Evangelion &#8211; Collector\u2019s Edition &#8211; T\u1eadp 2<\/div>\n\t\t\t\t<\/a>\n\t\t\t\t<div class=\"wc-block-grid__product-price price\"><del aria-hidden=\"true\"><span class=\"woocommerce-Price-amount amount\">140.000&nbsp;<span class=\"woocommerce-Price-currencySymbol\">&#8363;<\/span><\/span><\/del> <span class=\"screen-reader-text\">Gi\u00e1 g\u1ed1c l\u00e0: 140.000&nbsp;&#8363;.<\/span><ins aria-hidden=\"true\"><span class=\"woocommerce-Price-amount amount\">110.000&nbsp;<span class=\"woocommerce-Price-currencySymbol\">&#8363;<\/span><\/span><\/ins><span class=\"screen-reader-text\">Gi\u00e1 hi\u1ec7n t\u1ea1i l\u00e0: 110.000&nbsp;&#8363;.<\/span><\/div>\n\t\t\t\t\n\t\t\t\t<div class=\"wp-block-button wc-block-grid__product-add-to-cart\"><a href=\"https:\/\/mangahobbies.click\/?product=monster-8-tap-10\" aria-label=\"\u0110\u1ecdc th\u00eam v\u1ec1 &ldquo;COMBO 2: MONSTER #8 - T\u1eadp 10 + Neon Genesis Evangelion - Collector\u2019s Edition - T\u1eadp 2&rdquo;\" data-quantity=\"1\" data-product_id=\"169\" data-product_sku=\"\" data-price=\"110000\" rel=\"nofollow\" class=\"wp-block-button__link wp-element-button add_to_cart_button\">\u0110\u1ecdc ti\u1ebfp<\/a><\/div>\n\t\t\t<\/li><li class=\"wc-block-grid__product\">\n\t\t\t\t<a href=\"https:\/\/mangahobbies.click\/?product=vintage-typewriter\" class=\"wc-block-grid__product-link\">\n\t\t\t\t\t<div class=\"wc-block-grid__product-onsale\">\n\t\t\t<span aria-hidden=\"true\">Khuy\u1ebfn m\u1ea1i<\/span>\n\t\t\t<span class=\"screen-reader-text\">S\u1ea3n ph\u1ea9m \u0111ang gi\u1ea3m gi\u00e1<\/span>\n\t\t<\/div>\n\t\t\t\t\t<div class=\"wc-block-grid__product-image\"><img loading=\"lazy\" decoding=\"async\" width=\"300\" height=\"300\" src=\"https:\/\/mangahobbies.click\/wp-content\/uploads\/2025\/05\/z6633818995376_f56c3fa2f3607643249a7c1b9c8c3155-300x300.jpg\" class=\"attachment-woocommerce_thumbnail size-woocommerce_thumbnail\" alt=\"Thanh G\u01b0\u01a1m Di\u1ec7t Qu\u1ef7 - T\u1eadp 3\" srcset=\"https:\/\/mangahobbies.click\/wp-content\/uploads\/2025\/05\/z6633818995376_f56c3fa2f3607643249a7c1b9c8c3155-300x300.jpg 300w, https:\/\/mangahobbies.click\/wp-content\/uploads\/2025\/05\/z6633818995376_f56c3fa2f3607643249a7c1b9c8c3155-150x150.jpg 150w, https:\/\/mangahobbies.click\/wp-content\/uploads\/2025\/05\/z6633818995376_f56c3fa2f3607643249a7c1b9c8c3155-100x100.jpg 100w\" sizes=\"auto, (max-width: 300px) 100vw, 300px\" \/><\/div>\n\t\t\t\t\t<div class=\"wc-block-grid__product-title\">Thanh G\u01b0\u01a1m Di\u1ec7t Qu\u1ef7 &#8211; T\u1eadp 3<\/div>\n\t\t\t\t<\/a>\n\t\t\t\t<div class=\"wc-block-grid__product-price price\"><del aria-hidden=\"true\"><span class=\"woocommerce-Price-amount amount\">20.000&nbsp;<span class=\"woocommerce-Price-currencySymbol\">&#8363;<\/span><\/span><\/del> <span class=\"screen-reader-text\">Gi\u00e1 g\u1ed1c l\u00e0: 20.000&nbsp;&#8363;.<\/span><ins aria-hidden=\"true\"><span class=\"woocommerce-Price-amount amount\">16.000&nbsp;<span class=\"woocommerce-Price-currencySymbol\">&#8363;<\/span><\/span><\/ins><span class=\"screen-reader-text\">Gi\u00e1 hi\u1ec7n t\u1ea1i l\u00e0: 16.000&nbsp;&#8363;.<\/span><\/div>\n\t\t\t\t\n\t\t\t\t<div class=\"wp-block-button wc-block-grid__product-add-to-cart\"><a href=\"?add-to-cart=77\" aria-label=\"Th\u00eam v\u00e0o gi\u1ecf h\u00e0ng: &ldquo;Thanh G\u01b0\u01a1m Di\u1ec7t Qu\u1ef7 - T\u1eadp 3&rdquo;\" data-quantity=\"1\" data-product_id=\"77\" data-product_sku=\"\" data-price=\"16000\" rel=\"nofollow\" class=\"wp-block-button__link wp-element-button add_to_cart_button ajax_add_to_cart\">Th\u00eam v\u00e0o gi\u1ecf h\u00e0ng<\/a><\/div>\n\t\t\t<\/li><li class=\"wc-block-grid__product\">\n\t\t\t\t<a href=\"https:\/\/mangahobbies.click\/?product=leather-clad-leisure-chair\" class=\"wc-block-grid__product-link\">\n\t\t\t\t\t<div class=\"wc-block-grid__product-onsale\">\n\t\t\t<span aria-hidden=\"true\">Khuy\u1ebfn m\u1ea1i<\/span>\n\t\t\t<span class=\"screen-reader-text\">S\u1ea3n ph\u1ea9m \u0111ang gi\u1ea3m gi\u00e1<\/span>\n\t\t<\/div>\n\t\t\t\t\t<div class=\"wc-block-grid__product-image\"><img loading=\"lazy\" decoding=\"async\" width=\"300\" height=\"300\" src=\"https:\/\/mangahobbies.click\/wp-content\/uploads\/2025\/05\/z6633836665212_28a1c5ce4de3d8d566424765364b6ba7-300x300.jpg\" class=\"attachment-woocommerce_thumbnail size-woocommerce_thumbnail\" alt=\"Ch\u00fa thu\u1eadt h\u1ed3i chi\u1ebfn - T\u1eadp 2\" srcset=\"https:\/\/mangahobbies.click\/wp-content\/uploads\/2025\/05\/z6633836665212_28a1c5ce4de3d8d566424765364b6ba7-300x300.jpg 300w, https:\/\/mangahobbies.click\/wp-content\/uploads\/2025\/05\/z6633836665212_28a1c5ce4de3d8d566424765364b6ba7-150x150.jpg 150w, https:\/\/mangahobbies.click\/wp-content\/uploads\/2025\/05\/z6633836665212_28a1c5ce4de3d8d566424765364b6ba7-100x100.jpg 100w\" sizes=\"auto, (max-width: 300px) 100vw, 300px\" \/><\/div>\n\t\t\t\t\t<div class=\"wc-block-grid__product-title\">Ch\u00fa thu\u1eadt h\u1ed3i chi\u1ebfn &#8211; T\u1eadp 2<\/div>\n\t\t\t\t<\/a>\n\t\t\t\t<div class=\"wc-block-grid__product-price price\"><del aria-hidden=\"true\"><span class=\"woocommerce-Price-amount amount\">30.000&nbsp;<span class=\"woocommerce-Price-currencySymbol\">&#8363;<\/span><\/span><\/del> <span class=\"screen-reader-text\">Gi\u00e1 g\u1ed1c l\u00e0: 30.000&nbsp;&#8363;.<\/span><ins aria-hidden=\"true\"><span class=\"woocommerce-Price-amount amount\">24.000&nbsp;<span class=\"woocommerce-Price-currencySymbol\">&#8363;<\/span><\/span><\/ins><span class=\"screen-reader-text\">Gi\u00e1 hi\u1ec7n t\u1ea1i l\u00e0: 24.000&nbsp;&#8363;.<\/span><\/div>\n\t\t\t\t\n\t\t\t\t<div class=\"wp-block-button wc-block-grid__product-add-to-cart\"><a href=\"?add-to-cart=76\" aria-label=\"Th\u00eam v\u00e0o gi\u1ecf h\u00e0ng: &ldquo;Ch\u00fa thu\u1eadt h\u1ed3i chi\u1ebfn - T\u1eadp 2&rdquo;\" data-quantity=\"1\" data-product_id=\"76\" data-product_sku=\"\" data-price=\"24000\" rel=\"nofollow\" class=\"wp-block-button__link wp-element-button add_to_cart_button ajax_add_to_cart\">Th\u00eam v\u00e0o gi\u1ecf h\u00e0ng<\/a><\/div>\n\t\t\t<\/li><\/ul><\/div><\/div>\n<\/div>\n","protected":false},"excerpt":{"rendered":"","protected":false},"author":1,"featured_media":0,"parent":0,"menu_order":0,"comment_status":"closed","ping_status":"closed","template":"","meta":{"footnotes":""},"class_list":["post-20","page","type-page","status-publish","hentry"],"ams_acf":[],"yoast_head":"<!-- This site is optimized with the Yoast SEO plugin v25.6 - https:\/\/yoast.com\/wordpress\/plugins\/seo\/ -->\n<title>Gi\u1ecf h\u00e0ng - Manga Hobbies<\/title>\n<meta name=\"robots\" content=\"index, follow, max-snippet:-1, max-image-preview:large, max-video-preview:-1\" \/>\n<link rel=\"canonical\" href=\"https:\/\/mangahobbies.click\/?page_id=20\" \/>\n<meta property=\"og:locale\" content=\"vi_VN\" \/>\n<meta property=\"og:type\" content=\"article\" \/>\n<meta property=\"og:title\" content=\"Gi\u1ecf h\u00e0ng - Manga Hobbies\" \/>\n<meta property=\"og:url\" content=\"https:\/\/mangahobbies.click\/?page_id=20\" \/>\n<meta property=\"og:site_name\" content=\"Manga Hobbies\" \/>\n<meta property=\"article:modified_time\" content=\"2025-05-25T07:04:49+00:00\" \/>\n<meta name=\"twitter:card\" content=\"summary_large_image\" \/>\n<script type=\"application\/ld+json\" class=\"yoast-schema-graph\">{\"@context\":\"https:\/\/schema.org\",\"@graph\":[{\"@type\":\"WebPage\",\"@id\":\"https:\/\/mangahobbies.click\/?page_id=20\",\"url\":\"https:\/\/mangahobbies.click\/?page_id=20\",\"name\":\"Gi\u1ecf h\u00e0ng - Manga Hobbies\",\"isPartOf\":{\"@id\":\"https:\/\/mangahobbies.click\/#website\"},\"datePublished\":\"2025-05-24T03:57:28+00:00\",\"dateModified\":\"2025-05-25T07:04:49+00:00\",\"breadcrumb\":{\"@id\":\"https:\/\/mangahobbies.click\/?page_id=20#breadcrumb\"},\"inLanguage\":\"vi\",\"potentialAction\":[{\"@type\":\"ReadAction\",\"target\":[\"https:\/\/mangahobbies.click\/?page_id=20\"]}]},{\"@type\":\"BreadcrumbList\",\"@id\":\"https:\/\/mangahobbies.click\/?page_id=20#breadcrumb\",\"itemListElement\":[{\"@type\":\"ListItem\",\"position\":1,\"name\":\"Trang ch\u1ee7\",\"item\":\"https:\/\/mangahobbies.click\/\"},{\"@type\":\"ListItem\",\"position\":2,\"name\":\"Gi\u1ecf h\u00e0ng\"}]},{\"@type\":\"WebSite\",\"@id\":\"https:\/\/mangahobbies.click\/#website\",\"url\":\"https:\/\/mangahobbies.click\/\",\"name\":\"Manga Hobbies\",\"description\":\"\",\"publisher\":{\"@id\":\"https:\/\/mangahobbies.click\/#organization\"},\"potentialAction\":[{\"@type\":\"SearchAction\",\"target\":{\"@type\":\"EntryPoint\",\"urlTemplate\":\"https:\/\/mangahobbies.click\/?s={search_term_string}\"},\"query-input\":{\"@type\":\"PropertyValueSpecification\",\"valueRequired\":true,\"valueName\":\"search_term_string\"}}],\"inLanguage\":\"vi\"},{\"@type\":\"Organization\",\"@id\":\"https:\/\/mangahobbies.click\/#organization\",\"name\":\"Manga Hobbies\",\"url\":\"https:\/\/mangahobbies.click\/\",\"logo\":{\"@type\":\"ImageObject\",\"inLanguage\":\"vi\",\"@id\":\"https:\/\/mangahobbies.click\/#\/schema\/logo\/image\/\",\"url\":\"https:\/\/mangahobbies.click\/wp-content\/uploads\/2025\/05\/Beige-Red-Minimalist-Pastry-Bakery-Logo-6.png\",\"contentUrl\":\"https:\/\/mangahobbies.click\/wp-content\/uploads\/2025\/05\/Beige-Red-Minimalist-Pastry-Bakery-Logo-6.png\",\"width\":500,\"height\":500,\"caption\":\"Manga Hobbies\"},\"image\":{\"@id\":\"https:\/\/mangahobbies.click\/#\/schema\/logo\/image\/\"}}]}<\/script>\n<!-- \/ Yoast SEO plugin. -->","yoast_head_json":{"title":"Gi\u1ecf h\u00e0ng - Manga Hobbies","robots":{"index":"index","follow":"follow","max-snippet":"max-snippet:-1","max-image-preview":"max-image-preview:large","max-video-preview":"max-video-preview:-1"},"canonical":"https:\/\/mangahobbies.click\/?page_id=20","og_locale":"vi_VN","og_type":"article","og_title":"Gi\u1ecf h\u00e0ng - Manga Hobbies","og_url":"https:\/\/mangahobbies.click\/?page_id=20","og_site_name":"Manga Hobbies","article_modified_time":"2025-05-25T07:04:49+00:00","twitter_card":"summary_large_image","schema":{"@context":"https:\/\/schema.org","@graph":[{"@type":"WebPage","@id":"https:\/\/mangahobbies.click\/?page_id=20","url":"https:\/\/mangahobbies.click\/?page_id=20","name":"Gi\u1ecf h\u00e0ng - Manga Hobbies","isPartOf":{"@id":"https:\/\/mangahobbies.click\/#website"},"datePublished":"2025-05-24T03:57:28+00:00","dateModified":"2025-05-25T07:04:49+00:00","breadcrumb":{"@id":"https:\/\/mangahobbies.click\/?page_id=20#breadcrumb"},"inLanguage":"vi","potentialAction":[{"@type":"ReadAction","target":["https:\/\/mangahobbies.click\/?page_id=20"]}]},{"@type":"BreadcrumbList","@id":"https:\/\/mangahobbies.click\/?page_id=20#breadcrumb","itemListElement":[{"@type":"ListItem","position":1,"name":"Trang ch\u1ee7","item":"https:\/\/mangahobbies.click\/"},{"@type":"ListItem","position":2,"name":"Gi\u1ecf h\u00e0ng"}]},{"@type":"WebSite","@id":"https:\/\/mangahobbies.click\/#website","url":"https:\/\/mangahobbies.click\/","name":"Manga Hobbies","description":"","publisher":{"@id":"https:\/\/mangahobbies.click\/#organization"},"potentialAction":[{"@type":"SearchAction","target":{"@type":"EntryPoint","urlTemplate":"https:\/\/mangahobbies.click\/?s={search_term_string}"},"query-input":{"@type":"PropertyValueSpecification","valueRequired":true,"valueName":"search_term_string"}}],"inLanguage":"vi"},{"@type":"Organization","@id":"https:\/\/mangahobbies.click\/#organization","name":"Manga Hobbies","url":"https:\/\/mangahobbies.click\/","logo":{"@type":"ImageObject","inLanguage":"vi","@id":"https:\/\/mangahobbies.click\/#\/schema\/logo\/image\/","url":"https:\/\/mangahobbies.click\/wp-content\/uploads\/2025\/05\/Beige-Red-Minimalist-Pastry-Bakery-Logo-6.png","contentUrl":"https:\/\/mangahobbies.click\/wp-content\/uploads\/2025\/05\/Beige-Red-Minimalist-Pastry-Bakery-Logo-6.png","width":500,"height":500,"caption":"Manga Hobbies"},"image":{"@id":"https:\/\/mangahobbies.click\/#\/schema\/logo\/image\/"}}]}},"jetpack_sharing_enabled":true,"_links":{"self":[{"href":"https:\/\/mangahobbies.click\/index.php?rest_route=\/wp\/v2\/pages\/20","targetHints":{"allow":["GET"]}}],"collection":[{"href":"https:\/\/mangahobbies.click\/index.php?rest_route=\/wp\/v2\/pages"}],"about":[{"href":"https:\/\/mangahobbies.click\/index.php?rest_route=\/wp\/v2\/types\/page"}],"author":[{"embeddable":true,"href":"https:\/\/mangahobbies.click\/index.php?rest_route=\/wp\/v2\/users\/1"}],"replies":[{"embeddable":true,"href":"https:\/\/mangahobbies.click\/index.php?rest_route=%2Fwp%2Fv2%2Fcomments&post=20"}],"version-history":[{"count":1,"href":"https:\/\/mangahobbies.click\/index.php?rest_route=\/wp\/v2\/pages\/20\/revisions"}],"predecessor-version":[{"id":125,"href":"https:\/\/mangahobbies.click\/index.php?rest_route=\/wp\/v2\/pages\/20\/revisions\/125"}],"wp:attachment":[{"href":"https:\/\/mangahobbies.click\/index.php?rest_route=%2Fwp%2Fv2%2Fmedia&parent=20"}],"curies":[{"name":"wp","href":"https:\/\/api.w.org\/{rel}","templated":true}]}}