{"id":16,"date":"2025-05-24T03:41:14","date_gmt":"2025-05-24T03:41:14","guid":{"rendered":"https:\/\/mangahobbies.click\/?page_id=16"},"modified":"2026-01-07T01:44:26","modified_gmt":"2026-01-07T01:44:26","slug":"blog","status":"publish","type":"page","link":"https:\/\/mangahobbies.click\/?page_id=16","title":{"rendered":"Gi\u1edbi thi\u1ec7u"},"content":{"rendered":"\n<div class=\"wp-block-group alignwide has-global-padding is-layout-constrained wp-block-group-is-layout-constrained\">\n<h1 class=\"wp-block-heading alignwide has-text-align-center has-xx-large-font-size\" style=\"line-height:1.2\">\ud83c\udf8c <strong>Ch\u00e0o m\u1eebng b\u1ea1n \u0111\u1ebfn v\u1edbi Manga Hobbies<\/strong><br><strong>Th\u1ebf gi\u1edbi truy\u1ec7n tranh \u0111\u1eadm ch\u1ea5t \u0111am m\u00ea!<\/strong><\/h1>\n<\/div>\n\n\n\n<p>B\u1ea1n l\u00e0 ng\u01b0\u1eddi y\u00eau th\u00edch nh\u1eefng trang truy\u1ec7n tranh s\u1ed1ng \u0111\u1ed9ng? B\u1ea1n t\u1eebng h\u1ed3i h\u1ed9p theo t\u1eebng ch\u01b0\u01a1ng m\u1edbi c\u1ee7a Naruto, One Piece, Attack on Titan\u2026 hay x\u00fac \u0111\u1ed9ng v\u1edbi nh\u1eefng c\u00e2u chuy\u1ec7n nh\u1eb9 nh\u00e0ng nh\u01b0 Your Name, A Silent Voice? N\u1ebfu c\u00f3, th\u00ec <strong>Manga Hobbies<\/strong> ch\u00ednh l\u00e0 &#8220;n\u01a1i tr\u00fa \u1ea9n&#8221; d\u00e0nh cho t\u00e2m h\u1ed3n \u0111am m\u00ea truy\u1ec7n tranh nh\u01b0 b\u1ea1n!<\/p>\n\n\n\n<h2 class=\"wp-block-heading has-text-align-center\"><strong>Manga Hobbies<\/strong><br><strong>Kh\u00f4ng ch\u1ec9 l\u00e0 c\u1eeda h\u00e0ng, m\u00e0 l\u00e0 c\u1ed9ng \u0111\u1ed3ng y\u00eau truy\u1ec7n<\/strong><\/h2>\n\n\n\n<p>T\u1ea1i <strong>Manga Hobbies<\/strong>, ch\u00fang t\u00f4i kh\u00f4ng \u0111\u01a1n thu\u1ea7n b\u00e1n truy\u1ec7n m\u00e0 mang \u0111\u1ebfn m\u1ed9t <strong>tr\u1ea3i nghi\u1ec7m k\u1ebft n\u1ed1i gi\u1eefa ng\u01b0\u1eddi \u0111\u1ecdc v\u00e0 th\u1ebf gi\u1edbi manga<\/strong>.<\/p>\n\n\n\n<ul class=\"wp-block-list\">\n<li><strong>Truy\u1ec7n tranh b\u1ea3n quy\u1ec1n \u0111a d\u1ea1ng<\/strong>: T\u1eeb h\u00e0nh \u0111\u1ed9ng, l\u00e3ng m\u1ea1n, kinh d\u1ecb \u0111\u1ebfn slice of life ch\u00fang t\u00f4i lu\u00f4n c\u1eadp nh\u1eadt nh\u1eefng \u0111\u1ea7u truy\u1ec7n m\u1edbi nh\u1ea5t v\u00e0 hot nh\u1ea5t t\u1ea1i Nh\u1eadt B\u1ea3n v\u00e0 Vi\u1ec7t Nam.<\/li>\n\n\n\n<li><strong>S\u1ea3n ph\u1ea9m ch\u1ea5t l\u01b0\u1ee3ng, gi\u00e1 c\u1ea3 h\u1ee3p l\u00fd<\/strong>: S\u00e1ch m\u1edbi, s\u00e1ch s\u01b0u t\u1ea7m, combo theo b\u1ed9 t\u1ea5t c\u1ea3 \u0111\u1ec1u \u0111\u01b0\u1ee3c tuy\u1ec3n ch\u1ecdn k\u1ef9 l\u01b0\u1ee1ng.<\/li>\n\n\n\n<li><strong>Ph\u1ee5 ki\u1ec7n \u0111i k\u00e8m c\u1ef1c ch\u1ea5t<\/strong>: Poster, bookmark, m\u00f4 h\u00ecnh nh\u00e2n v\u1eadt, h\u1ed9p qu\u00e0 theo ch\u1ee7 \u0111\u1ec1\u2026<\/li>\n<\/ul>\n\n\n\n<hr class=\"wp-block-separator has-alpha-channel-opacity\"\/>\n\n\n\n<h3 class=\"wp-block-heading has-text-align-center\"><strong>\u0110i\u1ec1u g\u00ec khi\u1ebfn Manga Hobbies kh\u00e1c bi\u1ec7t?<\/strong><\/h3>\n\n\n\n<p><strong>Giao h\u00e0ng nhanh \u0111\u00f3ng g\u00f3i c\u1ea9n th\u1eadn<\/strong><br><strong>H\u1ed7 tr\u1ee3 t\u00ecm ki\u1ebfm \u0111\u1ea7u truy\u1ec7n theo y\u00eau c\u1ea7u<\/strong><br><strong>\u01afu \u0111\u00e3i d\u00e0nh ri\u00eang cho th\u00e0nh vi\u00ean th\u00e2n thi\u1ebft<\/strong><br><strong>Blog v\u00e0 review truy\u1ec7n gi\u00fap b\u1ea1n ch\u1ecdn \u0111\u01b0\u1ee3c b\u1ed9 truy\u1ec7n \u201ch\u1ee3p gu\u201d<\/strong><\/p>\n\n\n\n<p>Ch\u00fang t\u00f4i tin r\u1eb1ng m\u1ed7i b\u1ed9 truy\u1ec7n l\u00e0 m\u1ed9t h\u00e0nh tr\u00ecnh, v\u00e0 b\u1ea1n \u2013 ch\u00ednh l\u00e0 ng\u01b0\u1eddi \u0111ang s\u1ed1ng trong h\u00e0nh tr\u00ecnh \u0111\u00f3!<\/p>\n\n\n\n<hr class=\"wp-block-separator has-alpha-channel-opacity\"\/>\n\n\n\n<h3 class=\"wp-block-heading has-text-align-center\"><strong>Mua truy\u1ec7n d\u1ec5 d\u00e0ng<\/strong><br><strong>kh\u00e1m ph\u00e1 kh\u00f4ng gi\u1edbi h\u1ea1n<\/strong><\/h3>\n\n\n\n<p>Ch\u1ec9 v\u1edbi v\u00e0i c\u00fa nh\u1ea5p chu\u1ed9t tr\u00ean website mangahobbies.click, b\u1ea1n \u0111\u00e3 c\u00f3 th\u1ec3:<\/p>\n\n\n\n<ul class=\"wp-block-list\">\n<li>T\u00ecm ki\u1ebfm nhanh c\u00e1c \u0111\u1ea7u truy\u1ec7n y\u00eau th\u00edch<\/li>\n\n\n\n<li>\u0110\u1eb7t h\u00e0ng ti\u1ec7n l\u1ee3i qua nhi\u1ec1u ph\u01b0\u01a1ng th\u1ee9c thanh to\u00e1n<\/li>\n\n\n\n<li>Nh\u1eadn t\u01b0 v\u1ea5n t\u1eeb \u0111\u1ed9i ng\u0169 \u0111am m\u00ea truy\u1ec7n tranh nh\u01b0 ch\u00ednh b\u1ea1n!<\/li>\n<\/ul>\n\n\n\n<hr class=\"wp-block-separator has-alpha-channel-opacity\"\/>\n\n\n\n<h3 class=\"wp-block-heading has-text-align-center\"><strong>Manga Hobbies<\/strong><br><strong>V\u00ec ch\u00fang t\u00f4i c\u0169ng l\u00e0 nh\u1eefng ng\u01b0\u1eddi y\u00eau manga nh\u01b0 b\u1ea1n<\/strong><\/h3>\n\n\n\n<p>\u0110\u1eb1ng sau Manga Hobbies l\u00e0 nh\u1eefng con ng\u01b0\u1eddi y\u00eau manga, l\u1edbn l\u00ean c\u00f9ng manga, v\u00e0 mong mu\u1ed1n lan to\u1ea3 tinh th\u1ea7n \u0111\u00f3 \u0111\u1ebfn v\u1edbi c\u1ed9ng \u0111\u1ed3ng. Ch\u00fang t\u00f4i lu\u00f4n l\u1eafng nghe v\u00e0 \u0111\u1ed3ng h\u00e0nh c\u00f9ng b\u1ea1n tr\u00ean h\u00e0nh tr\u00ecnh kh\u00e1m ph\u00e1 t\u1eebng trang truy\u1ec7n.<\/p>\n\n\n\n<hr class=\"wp-block-separator has-alpha-channel-opacity\"\/>\n\n\n\n<h3 class=\"wp-block-heading has-text-align-center\"><strong>Theo d\u00f5i Manga Hobbies \u0111\u1ec3 kh\u00f4ng b\u1ecf l\u1ee1 \u0111i\u1ec1u g\u00ec th\u00fa v\u1ecb!<\/strong><\/h3>\n\n\n\n<ul class=\"wp-block-list\">\n<li><a href=\"https:\/\/mangahobbies.click\">Website: mangahobbies.click<\/a><\/li>\n\n\n\n<li><a href=\"https:\/\/www.facebook.com\/people\/Manga-Hobbies\/61576760128576\/\">Facebook: Manga Hobbies<\/a>&nbsp;<\/li>\n\n\n\n<li><a href=\"https:\/\/www.instagram.com\/manga_hobbies\/\">Instagram: @manga_hobbies<\/a><\/li>\n<\/ul>\n\n\n\n<p><strong>\u0110\u1eb7t truy\u1ec7n h\u00f4m nay nh\u1eadn qu\u00e0 x\u1ecbn, tr\u1ea3i nghi\u1ec7m ch\u1ea5t!<\/strong><br>H\u00e3y \u0111\u1ec3 Manga Hobbies \u0111\u1ed3ng h\u00e0nh c\u00f9ng b\u1ea1n<br><strong>m\u1ed7i t\u1eadp truy\u1ec7n, m\u1ed9t ph\u1ea7n k\u00fd \u1ee9c<\/strong>.<\/p>\n","protected":false},"excerpt":{"rendered":"<p>\ud83c\udf8c Ch\u00e0o m\u1eebng b\u1ea1n \u0111\u1ebfn v\u1edbi Manga HobbiesTh\u1ebf gi\u1edbi truy\u1ec7n tranh \u0111\u1eadm ch\u1ea5t \u0111am m\u00ea! B\u1ea1n l\u00e0 ng\u01b0\u1eddi y\u00eau th\u00edch nh\u1eefng trang truy\u1ec7n tranh s\u1ed1ng \u0111\u1ed9ng? B\u1ea1n t\u1eebng h\u1ed3i h\u1ed9p theo t\u1eebng ch\u01b0\u01a1ng m\u1edbi c\u1ee7a Naruto, One Piece, Attack on Titan\u2026 hay x\u00fac \u0111\u1ed9ng v\u1edbi nh\u1eefng c\u00e2u chuy\u1ec7n nh\u1eb9 nh\u00e0ng nh\u01b0 Your Name, A Silent [&hellip;]<\/p>\n","protected":false},"author":1,"featured_media":0,"parent":0,"menu_order":0,"comment_status":"closed","ping_status":"closed","template":"","meta":{"footnotes":""},"class_list":["post-16","page","type-page","status-publish","hentry"],"ams_acf":[],"yoast_head":"<!-- This site is optimized with the Yoast SEO plugin v25.6 - https:\/\/yoast.com\/wordpress\/plugins\/seo\/ -->\n<title>Gi\u1edbi thi\u1ec7u - Manga Hobbies<\/title>\n<meta name=\"robots\" content=\"index, follow, max-snippet:-1, max-image-preview:large, max-video-preview:-1\" \/>\n<link rel=\"canonical\" href=\"https:\/\/mangahobbies.click\/?page_id=16\" \/>\n<meta property=\"og:locale\" content=\"vi_VN\" \/>\n<meta property=\"og:type\" content=\"article\" \/>\n<meta property=\"og:title\" content=\"Gi\u1edbi thi\u1ec7u - Manga Hobbies\" \/>\n<meta property=\"og:description\" content=\"\ud83c\udf8c Ch\u00e0o m\u1eebng b\u1ea1n \u0111\u1ebfn v\u1edbi Manga HobbiesTh\u1ebf gi\u1edbi truy\u1ec7n tranh \u0111\u1eadm ch\u1ea5t \u0111am m\u00ea! B\u1ea1n l\u00e0 ng\u01b0\u1eddi y\u00eau th\u00edch nh\u1eefng trang truy\u1ec7n tranh s\u1ed1ng \u0111\u1ed9ng? B\u1ea1n t\u1eebng h\u1ed3i h\u1ed9p theo t\u1eebng ch\u01b0\u01a1ng m\u1edbi c\u1ee7a Naruto, One Piece, Attack on Titan\u2026 hay x\u00fac \u0111\u1ed9ng v\u1edbi nh\u1eefng c\u00e2u chuy\u1ec7n nh\u1eb9 nh\u00e0ng nh\u01b0 Your Name, A Silent [&hellip;]\" \/>\n<meta property=\"og:url\" content=\"https:\/\/mangahobbies.click\/?page_id=16\" \/>\n<meta property=\"og:site_name\" content=\"Manga Hobbies\" \/>\n<meta property=\"article:modified_time\" content=\"2026-01-07T01:44:26+00:00\" \/>\n<meta name=\"twitter:card\" content=\"summary_large_image\" \/>\n<meta name=\"twitter:label1\" content=\"\u01af\u1edbc t\u00ednh th\u1eddi gian \u0111\u1ecdc\" \/>\n\t<meta name=\"twitter:data1\" content=\"3 ph\u00fat\" \/>\n<script type=\"application\/ld+json\" class=\"yoast-schema-graph\">{\"@context\":\"https:\/\/schema.org\",\"@graph\":[{\"@type\":[\"WebPage\",\"CollectionPage\"],\"@id\":\"https:\/\/mangahobbies.click\/?page_id=16\",\"url\":\"https:\/\/mangahobbies.click\/?page_id=16\",\"name\":\"Gi\u1edbi thi\u1ec7u - Manga Hobbies\",\"isPartOf\":{\"@id\":\"https:\/\/mangahobbies.click\/#website\"},\"datePublished\":\"2025-05-24T03:41:14+00:00\",\"dateModified\":\"2026-01-07T01:44:26+00:00\",\"breadcrumb\":{\"@id\":\"https:\/\/mangahobbies.click\/?page_id=16#breadcrumb\"},\"inLanguage\":\"vi\"},{\"@type\":\"BreadcrumbList\",\"@id\":\"https:\/\/mangahobbies.click\/?page_id=16#breadcrumb\",\"itemListElement\":[{\"@type\":\"ListItem\",\"position\":1,\"name\":\"Trang ch\u1ee7\",\"item\":\"https:\/\/mangahobbies.click\/\"},{\"@type\":\"ListItem\",\"position\":2,\"name\":\"Gi\u1edbi thi\u1ec7u\"}]},{\"@type\":\"WebSite\",\"@id\":\"https:\/\/mangahobbies.click\/#website\",\"url\":\"https:\/\/mangahobbies.click\/\",\"name\":\"Manga Hobbies\",\"description\":\"\",\"publisher\":{\"@id\":\"https:\/\/mangahobbies.click\/#organization\"},\"potentialAction\":[{\"@type\":\"SearchAction\",\"target\":{\"@type\":\"EntryPoint\",\"urlTemplate\":\"https:\/\/mangahobbies.click\/?s={search_term_string}\"},\"query-input\":{\"@type\":\"PropertyValueSpecification\",\"valueRequired\":true,\"valueName\":\"search_term_string\"}}],\"inLanguage\":\"vi\"},{\"@type\":\"Organization\",\"@id\":\"https:\/\/mangahobbies.click\/#organization\",\"name\":\"Manga Hobbies\",\"url\":\"https:\/\/mangahobbies.click\/\",\"logo\":{\"@type\":\"ImageObject\",\"inLanguage\":\"vi\",\"@id\":\"https:\/\/mangahobbies.click\/#\/schema\/logo\/image\/\",\"url\":\"https:\/\/mangahobbies.click\/wp-content\/uploads\/2025\/05\/Beige-Red-Minimalist-Pastry-Bakery-Logo-6.png\",\"contentUrl\":\"https:\/\/mangahobbies.click\/wp-content\/uploads\/2025\/05\/Beige-Red-Minimalist-Pastry-Bakery-Logo-6.png\",\"width\":500,\"height\":500,\"caption\":\"Manga Hobbies\"},\"image\":{\"@id\":\"https:\/\/mangahobbies.click\/#\/schema\/logo\/image\/\"}}]}<\/script>\n<!-- \/ Yoast SEO plugin. -->","yoast_head_json":{"title":"Gi\u1edbi thi\u1ec7u - Manga Hobbies","robots":{"index":"index","follow":"follow","max-snippet":"max-snippet:-1","max-image-preview":"max-image-preview:large","max-video-preview":"max-video-preview:-1"},"canonical":"https:\/\/mangahobbies.click\/?page_id=16","og_locale":"vi_VN","og_type":"article","og_title":"Gi\u1edbi thi\u1ec7u - Manga Hobbies","og_description":"\ud83c\udf8c Ch\u00e0o m\u1eebng b\u1ea1n \u0111\u1ebfn v\u1edbi Manga HobbiesTh\u1ebf gi\u1edbi truy\u1ec7n tranh \u0111\u1eadm ch\u1ea5t \u0111am m\u00ea! B\u1ea1n l\u00e0 ng\u01b0\u1eddi y\u00eau th\u00edch nh\u1eefng trang truy\u1ec7n tranh s\u1ed1ng \u0111\u1ed9ng? B\u1ea1n t\u1eebng h\u1ed3i h\u1ed9p theo t\u1eebng ch\u01b0\u01a1ng m\u1edbi c\u1ee7a Naruto, One Piece, Attack on Titan\u2026 hay x\u00fac \u0111\u1ed9ng v\u1edbi nh\u1eefng c\u00e2u chuy\u1ec7n nh\u1eb9 nh\u00e0ng nh\u01b0 Your Name, A Silent [&hellip;]","og_url":"https:\/\/mangahobbies.click\/?page_id=16","og_site_name":"Manga Hobbies","article_modified_time":"2026-01-07T01:44:26+00:00","twitter_card":"summary_large_image","twitter_misc":{"\u01af\u1edbc t\u00ednh th\u1eddi gian \u0111\u1ecdc":"3 ph\u00fat"},"schema":{"@context":"https:\/\/schema.org","@graph":[{"@type":["WebPage","CollectionPage"],"@id":"https:\/\/mangahobbies.click\/?page_id=16","url":"https:\/\/mangahobbies.click\/?page_id=16","name":"Gi\u1edbi thi\u1ec7u - Manga Hobbies","isPartOf":{"@id":"https:\/\/mangahobbies.click\/#website"},"datePublished":"2025-05-24T03:41:14+00:00","dateModified":"2026-01-07T01:44:26+00:00","breadcrumb":{"@id":"https:\/\/mangahobbies.click\/?page_id=16#breadcrumb"},"inLanguage":"vi"},{"@type":"BreadcrumbList","@id":"https:\/\/mangahobbies.click\/?page_id=16#breadcrumb","itemListElement":[{"@type":"ListItem","position":1,"name":"Trang ch\u1ee7","item":"https:\/\/mangahobbies.click\/"},{"@type":"ListItem","position":2,"name":"Gi\u1edbi thi\u1ec7u"}]},{"@type":"WebSite","@id":"https:\/\/mangahobbies.click\/#website","url":"https:\/\/mangahobbies.click\/","name":"Manga Hobbies","description":"","publisher":{"@id":"https:\/\/mangahobbies.click\/#organization"},"potentialAction":[{"@type":"SearchAction","target":{"@type":"EntryPoint","urlTemplate":"https:\/\/mangahobbies.click\/?s={search_term_string}"},"query-input":{"@type":"PropertyValueSpecification","valueRequired":true,"valueName":"search_term_string"}}],"inLanguage":"vi"},{"@type":"Organization","@id":"https:\/\/mangahobbies.click\/#organization","name":"Manga Hobbies","url":"https:\/\/mangahobbies.click\/","logo":{"@type":"ImageObject","inLanguage":"vi","@id":"https:\/\/mangahobbies.click\/#\/schema\/logo\/image\/","url":"https:\/\/mangahobbies.click\/wp-content\/uploads\/2025\/05\/Beige-Red-Minimalist-Pastry-Bakery-Logo-6.png","contentUrl":"https:\/\/mangahobbies.click\/wp-content\/uploads\/2025\/05\/Beige-Red-Minimalist-Pastry-Bakery-Logo-6.png","width":500,"height":500,"caption":"Manga Hobbies"},"image":{"@id":"https:\/\/mangahobbies.click\/#\/schema\/logo\/image\/"}}]}},"jetpack_sharing_enabled":true,"_links":{"self":[{"href":"https:\/\/mangahobbies.click\/index.php?rest_route=\/wp\/v2\/pages\/16","targetHints":{"allow":["GET"]}}],"collection":[{"href":"https:\/\/mangahobbies.click\/index.php?rest_route=\/wp\/v2\/pages"}],"about":[{"href":"https:\/\/mangahobbies.click\/index.php?rest_route=\/wp\/v2\/types\/page"}],"author":[{"embeddable":true,"href":"https:\/\/mangahobbies.click\/index.php?rest_route=\/wp\/v2\/users\/1"}],"replies":[{"embeddable":true,"href":"https:\/\/mangahobbies.click\/index.php?rest_route=%2Fwp%2Fv2%2Fcomments&post=16"}],"version-history":[{"count":5,"href":"https:\/\/mangahobbies.click\/index.php?rest_route=\/wp\/v2\/pages\/16\/revisions"}],"predecessor-version":[{"id":235,"href":"https:\/\/mangahobbies.click\/index.php?rest_route=\/wp\/v2\/pages\/16\/revisions\/235"}],"wp:attachment":[{"href":"https:\/\/mangahobbies.click\/index.php?rest_route=%2Fwp%2Fv2%2Fmedia&parent=16"}],"curies":[{"name":"wp","href":"https:\/\/api.w.org\/{rel}","templated":true}]}}